{"id":1236,"date":"2018-08-31T16:13:26","date_gmt":"2018-08-31T19:13:26","guid":{"rendered":"https:\/\/ens46-sfe.infd.edu.ar\/sitio\/profesorado-de-educacion-secundaria-en-educacion-tecnologica\/"},"modified":"2022-05-05T22:29:05","modified_gmt":"2022-05-06T01:29:05","slug":"profesorado-de-educacion-secundaria-en-educacion-tecnologica","status":"publish","type":"page","link":"https:\/\/ens46-sfe.infd.edu.ar\/sitio\/profesorado-de-educacion-secundaria-en-educacion-tecnologica\/","title":{"rendered":"Profesorado de Educaci\u00f3n Tecnol\u00f3gica"},"content":{"rendered":"<p><span style=\"font-family: arial, helvetica, sans-serif; font-size: 10pt;\" data-mce-mark=\"1\"><span style=\"font-family: arial,helvetica,sans-serif;\" data-mce-mark=\"1\"><strong>Nombre de la carrera:<\/strong> PROFESORADO DE EDUCACI\u00d3N TECNOL\u00d3GICA<\/span><\/span><\/p>\n<p><span style=\"font-family: arial, helvetica, sans-serif; font-size: 10pt;\" data-mce-mark=\"1\"><span style=\"font-family: arial,helvetica,sans-serif;\" data-mce-mark=\"1\"><strong>T\u00edtulo<\/strong>: Profesor de Educaci\u00f3n Tecnol\u00f3gica<\/span><\/span><\/p>\n<p><span style=\"font-family: arial,helvetica,sans-serif;\" data-mce-mark=\"1\"><span style=\"font-size: 10pt;\" data-mce-mark=\"1\"><strong>Duraci\u00f3n<\/strong>: CUATRO (4) a\u00f1os<\/span><\/span><\/p>\n<p><strong><span style=\"font-family: arial,helvetica,sans-serif;\"><span style=\"font-size: 10pt;\">Competencias:<\/span><\/span><\/strong><\/p>\n<p><span style=\"font-family: arial,helvetica,sans-serif;\"><span style=\"font-size: 10pt;\">Ejercer la profesi\u00f3n Docente en:<\/span><\/span><\/p>\n<ul>\n<li><span style=\"font-size: 10pt;\"><span style=\"font-family: arial,helvetica,sans-serif;\"><span style=\"font-family: arial,helvetica,sans-serif;\">Escuelas de Ense\u00f1anza Inicial \u00a0&#8211; Escuelas de Ense\u00f1anza Primaria-<span style=\"font-family: arial,helvetica,sans-serif;\">Escuelas de\u00a0\u00a0Ense\u00f1anza\u00a0<\/span>Media &#8211;<\/span><\/span><span style=\"font-family: arial,helvetica,sans-serif;\">Escuelas de\u00a0\u00a0Ense\u00f1anza\u00a0<\/span><span style=\"font-family: arial,helvetica,sans-serif;\">Media\u00a0<\/span><span style=\"font-family: arial,helvetica,sans-serif;\">para Adultos &#8211;<\/span><span style=\"font-family: arial,helvetica,sans-serif;\">\u00a0<\/span><\/span><\/li>\n<li><span style=\"font-family: arial, helvetica, sans-serif; font-size: 10pt;\"><span style=\"font-family: arial,helvetica,sans-serif;\">Escuelas de Educaci\u00f3n T\u00e9cnica (nivel secundario) &#8211;\u00a0<\/span><\/span><\/li>\n<\/ul>\n","protected":false},"excerpt":{"rendered":"<p>Nombre de la carrera: PROFESORADO DE EDUCACI\u00d3N TECNOL\u00d3GICA T\u00edtulo: Profesor de Educaci\u00f3n Tecnol\u00f3gica Duraci\u00f3n: CUATRO (4) a\u00f1os Competencias: Ejercer la profesi\u00f3n Docente en: Escuelas de Ense\u00f1anza Inicial \u00a0&#8211; Escuelas de Ense\u00f1anza Primaria-Escuelas de\u00a0\u00a0Ense\u00f1anza\u00a0Media &#8211;Escuelas de\u00a0\u00a0Ense\u00f1anza\u00a0Media\u00a0para Adultos &#8211;\u00a0 Escuelas de Educaci\u00f3n T\u00e9cnica (nivel secundario) &#8211;\u00a0<\/p>\n","protected":false},"author":7,"featured_media":0,"parent":0,"menu_order":0,"comment_status":"closed","ping_status":"closed","template":"","meta":[],"acf":[],"_links":{"self":[{"href":"https:\/\/ens46-sfe.infd.edu.ar\/sitio\/wp-json\/wp\/v2\/pages\/1236"}],"collection":[{"href":"https:\/\/ens46-sfe.infd.edu.ar\/sitio\/wp-json\/wp\/v2\/pages"}],"about":[{"href":"https:\/\/ens46-sfe.infd.edu.ar\/sitio\/wp-json\/wp\/v2\/types\/page"}],"author":[{"embeddable":true,"href":"https:\/\/ens46-sfe.infd.edu.ar\/sitio\/wp-json\/wp\/v2\/users\/7"}],"replies":[{"embeddable":true,"href":"https:\/\/ens46-sfe.infd.edu.ar\/sitio\/wp-json\/wp\/v2\/comments?post=1236"}],"version-history":[{"count":1,"href":"https:\/\/ens46-sfe.infd.edu.ar\/sitio\/wp-json\/wp\/v2\/pages\/1236\/revisions"}],"predecessor-version":[{"id":2846,"href":"https:\/\/ens46-sfe.infd.edu.ar\/sitio\/wp-json\/wp\/v2\/pages\/1236\/revisions\/2846"}],"wp:attachment":[{"href":"https:\/\/ens46-sfe.infd.edu.ar\/sitio\/wp-json\/wp\/v2\/media?parent=1236"}],"curies":[{"name":"wp","href":"https:\/\/api.w.org\/{rel}","templated":true}]}}