{"id":1274,"date":"2018-08-31T16:13:39","date_gmt":"2018-08-31T19:13:39","guid":{"rendered":"https:\/\/ens46-sfe.infd.edu.ar\/sitio\/datos-del-instituto\/"},"modified":"2020-04-17T07:43:17","modified_gmt":"2020-04-17T10:43:17","slug":"datos-del-instituto","status":"publish","type":"page","link":"https:\/\/ens46-sfe.infd.edu.ar\/sitio\/datos-del-instituto\/","title":{"rendered":"Datos del Instituto"},"content":{"rendered":"<p style=\"text-align: center;\"><span style=\"color: #0033c1;\"><span style=\"font-size: 12pt;\"><span style=\"font-family: arial,helvetica,sans-serif;\"><strong>Escuela Normal Superior y Superior de Comercio Nro 46<br \/>\n<\/strong><\/span><\/span><span style=\"font-size: 12pt;\"><span style=\"font-family: arial,helvetica,sans-serif;\"><strong>\u00abDomingo Guzm\u00e1n Silva\u00bb<\/strong><\/span><\/span><\/span><\/p>\n<p style=\"text-align: center;\"><span style=\"font-size: 10pt;\"><span style=\"font-family: arial,helvetica,sans-serif;\"><span style=\"font-size: 10pt;\">Horarios de Atenci\u00f3n: <strong>18:00hs a 20:30hs<br \/>\n<\/strong><\/span><\/span><\/span><span style=\"font-size: 10pt;\"><span style=\"font-family: arial,helvetica,sans-serif;\"><span style=\"font-size: 10pt;\">Direcci\u00f3n: <strong>4 de Enero 2806 &#8211; CP:3000 &#8211; Santa Fe de la Vera Cruz &#8211; Santa Fe &#8211; Argentina<br \/>\n<\/strong><\/span><\/span><\/span><span style=\"font-size: 10pt;\"><span style=\"font-family: arial,helvetica,sans-serif;\"><span style=\"font-size: 10pt;\">Tel\u00e9fono\/Fax: <strong>+54-342-4572912<br \/>\n<\/strong><\/span><\/span><\/span><span style=\"font-size: 10pt;\"><span style=\"font-family: arial,helvetica,sans-serif;\"><span style=\"font-size: 10pt;\">Correo Electr\u00f3nico: <a class=\"o_h J_x mq_CZ G_e r_P C_Z2aVTcY S4_U ac_CI rtlI_dz_sSg\" title=\"nivelsuperior46@gmail.com\" data-test-id=\"contact-card-email\">nivelsuperior46@gmail.com<\/a><strong><br \/>\n<\/strong><\/span><\/span><\/span><span style=\"font-size: 10pt;\"><span style=\"font-family: arial,helvetica,sans-serif;\"><span style=\"font-size: 10pt;\">Sitio Web:\u00a0<a href=\"https:\/\/ens46-sfe.infd.edu.ar\">https:\/\/ens46-sfe.infd.edu.ar<\/a><br \/>\nFacebook:\u00a0<a href=\"https:\/\/www.facebook.com\/profile.php?id=197893190796015&amp;ref=content_filter\">https:\/\/www.facebook.com\/profile.php?id=197893190796015&amp;ref=content_filter<\/a><\/span><\/span><\/span><\/p>\n<p><span style=\"font-family: arial,helvetica,sans-serif;\"><span style=\"font-size: 10pt;\">\u00a0<\/span><\/span><\/p>\n<p style=\"text-align: center;\"><iframe loading=\"lazy\" style=\"border: 0;\" src=\"https:\/\/www.google.com\/maps\/embed?pb=!1m18!1m12!1m3!1d3396.694812666803!2d-60.71287168526976!3d-31.64220541437627!2m3!1f0!2f0!3f0!3m2!1i1024!2i768!4f13.1!3m3!1m2!1s0x95b5a9b0b05cbbd5%3A0x9770b9413258c6e!2sEscuela+Normal+Superior+de+Comercio+Domingo+Guzman+Silva!5e0!3m2!1ses-419!2sar!4v1538522899069\" width=\"600\" height=\"450\" frameborder=\"0\" allowfullscreen=\"allowfullscreen\"><\/iframe><\/p>\n<hr \/>\n<p style=\"text-align: center;\"><strong>\u00a0<span style=\"font-family: 'arial black', 'avant garde'; color: #0033c1;\"><span style=\"font-size: 10pt;\">ANEXO SANTO TOM\u00c9<\/span><\/span><\/strong><\/p>\n<p style=\"text-align: center;\"><span style=\"font-family: arial,helvetica,sans-serif;\"><span style=\"font-size: 10pt;\">E.N.S.yS.C. N\u00b0 46 Anexo \u00abDomingo Guzm\u00e1n Silva\u00bb<br \/>\nFuncionando en las instalaciones de la EESO N\u00ba 443 \u00abJos\u00e9 Manuel Estrada\u00bb<br \/>\nIriondo 1698<br \/>\n0342-4577950<br \/>\n(3016) SANTO TOM\u00c9<br \/>\n<\/span><\/span><span style=\"font-family: arial,helvetica,sans-serif;\"><span style=\"font-size: 10pt;\">Carrera que se dicta:<br \/>\n<strong> Tecnicatura Superior en Gesti\u00f3n de las Organizaciones<\/strong><br \/>\nSitio Web:\u00a0<a href=\"https:\/\/anexo2046.wordpress.com\/\">https:\/\/anexo2046.wordpress.com\/<\/a><br \/>\nFacebook:\u00a0<a href=\"https:\/\/www.facebook.com\/Anexo2046\/?ref=content_filter\">https:\/\/www.facebook.com\/Anexo2046<\/a><\/span><\/span><\/p>\n<p style=\"text-align: center;\"><span style=\"font-size: 10pt; font-family: arial, helvetica, sans-serif;\"><iframe loading=\"lazy\" style=\"border: 0;\" src=\"https:\/\/www.google.com\/maps\/embed?pb=!1m18!1m12!1m3!1d3395.923214595142!2d-60.76076684982611!3d-31.66332044063883!2m3!1f0!2f0!3f0!3m2!1i1024!2i768!4f13.1!3m3!1m2!1s0x0%3A0x72e68a40093c87bb!2sEESO+N%C2%B0443+%22Jos%C3%A9+Manuel+Estrada%22!5e0!3m2!1ses-419!2sar!4v1538523225529\" width=\"600\" height=\"450\" frameborder=\"0\" allowfullscreen=\"allowfullscreen\"><\/iframe>\u00a0<\/span><\/p>\n<hr \/>\n<p style=\"text-align: center;\"><span style=\"font-size: 10pt; color: #0033c1;\"><strong><span style=\"font-family: 'arial black', 'avant garde';\">ANEXO RECREO<\/span><\/strong><\/span><\/p>\n<p style=\"text-align: center;\"><span style=\"font-family: arial,helvetica,sans-serif;\"><span style=\"font-size: 10pt;\">E.N.S. N\u00b0 46 Anexo \u00abDomingo Guzm\u00e1n Silva\u00bb<br \/>\nAv. Mitre 1311<br \/>\nTe: 0342-4577104<br \/>\n(3018) RECREO<br \/>\n<\/span><\/span><span style=\"font-family: arial,helvetica,sans-serif;\"><span style=\"font-size: 10pt;\">Carreras que se dictan:<\/span><\/span><\/p>\n<p style=\"text-align: center;\"><span style=\"font-family: arial,helvetica,sans-serif;\"><span style=\"font-size: 10pt;\"><strong>Tecnicatura Superior en Gesti\u00f3n de las Organizaciones<\/strong><\/span><\/span><\/p>\n<p style=\"text-align: center;\"><span style=\"font-family: arial,helvetica,sans-serif;\"><span style=\"font-size: 10pt;\"><strong>Tecnicatura Superior en An\u00e1lisis Funcional de Sistemas Inform\u00e1ticos<\/strong><br \/>\nFacebook:\u00a0<a href=\"https:\/\/www.facebook.com\/Anexo1046\/?tsid=0.5944977732594618&amp;source=result\">https:\/\/www.facebook.com\/Anexo1046<\/a><\/span><\/span><\/p>\n<p style=\"text-align: center;\"><iframe loading=\"lazy\" style=\"border: 0;\" src=\"https:\/\/www.google.com\/maps\/embed?pb=!1m18!1m12!1m3!1d3402.1913939512706!2d-60.73645070418021!3d-31.49142260405834!2m3!1f0!2f0!3f0!3m2!1i1024!2i768!4f13.1!3m3!1m2!1s0x95b5050ecf62cf77%3A0xd912935e3ab1792e!2sAv.+Bartolom%C3%A9+Mitre+1311%2C+Recreo%2C+Santa+Fe!5e0!3m2!1ses-419!2sar!4v1538523292974\" width=\"600\" height=\"450\" frameborder=\"0\" allowfullscreen=\"allowfullscreen\"><\/iframe><\/p>\n","protected":false},"excerpt":{"rendered":"<p>Escuela Normal Superior y Superior de Comercio Nro 46 \u00abDomingo Guzm\u00e1n Silva\u00bb Horarios de Atenci\u00f3n: 18:00hs a 20:30hs Direcci\u00f3n: 4 de Enero 2806 &#8211; CP:3000 &#8211; Santa Fe de la Vera Cruz &#8211; Santa Fe &#8211; Argentina Tel\u00e9fono\/Fax: +54-342-4572912 Correo Electr\u00f3nico: nivelsuperior46@gmail.com Sitio Web:\u00a0https:\/\/ens46-sfe.infd.edu.ar Facebook:\u00a0https:\/\/www.facebook.com\/profile.php?id=197893190796015&amp;ref=content_filter \u00a0 \u00a0ANEXO SANTO TOM\u00c9 E.N.S.yS.C. N\u00b0 46 Anexo \u00abDomingo Guzm\u00e1n &#8230; <a title=\"Datos del Instituto\" class=\"read-more\" href=\"https:\/\/ens46-sfe.infd.edu.ar\/sitio\/datos-del-instituto\/\" aria-label=\"More on Datos del Instituto\">[+]<\/a><\/p>\n","protected":false},"author":7,"featured_media":0,"parent":0,"menu_order":0,"comment_status":"closed","ping_status":"closed","template":"","meta":[],"acf":[],"_links":{"self":[{"href":"https:\/\/ens46-sfe.infd.edu.ar\/sitio\/wp-json\/wp\/v2\/pages\/1274"}],"collection":[{"href":"https:\/\/ens46-sfe.infd.edu.ar\/sitio\/wp-json\/wp\/v2\/pages"}],"about":[{"href":"https:\/\/ens46-sfe.infd.edu.ar\/sitio\/wp-json\/wp\/v2\/types\/page"}],"author":[{"embeddable":true,"href":"https:\/\/ens46-sfe.infd.edu.ar\/sitio\/wp-json\/wp\/v2\/users\/7"}],"replies":[{"embeddable":true,"href":"https:\/\/ens46-sfe.infd.edu.ar\/sitio\/wp-json\/wp\/v2\/comments?post=1274"}],"version-history":[{"count":13,"href":"https:\/\/ens46-sfe.infd.edu.ar\/sitio\/wp-json\/wp\/v2\/pages\/1274\/revisions"}],"predecessor-version":[{"id":2348,"href":"https:\/\/ens46-sfe.infd.edu.ar\/sitio\/wp-json\/wp\/v2\/pages\/1274\/revisions\/2348"}],"wp:attachment":[{"href":"https:\/\/ens46-sfe.infd.edu.ar\/sitio\/wp-json\/wp\/v2\/media?parent=1274"}],"curies":[{"name":"wp","href":"https:\/\/api.w.org\/{rel}","templated":true}]}}