{"id":1282,"date":"2018-08-31T16:13:41","date_gmt":"2018-08-31T19:13:41","guid":{"rendered":"https:\/\/ens46-sfe.infd.edu.ar\/sitio\/pesca-plan-de-estudios\/"},"modified":"2023-03-11T21:31:48","modified_gmt":"2023-03-12T00:31:48","slug":"pesca-plan-de-estudios","status":"publish","type":"page","link":"https:\/\/ens46-sfe.infd.edu.ar\/sitio\/pesca-plan-de-estudios\/","title":{"rendered":"(PESCA) Plan de Estudios"},"content":{"rendered":"<p><span style=\"font-size: 15pt;\"><strong>Estructura Dise\u00f1o Curricular: <strong><a title=\"Ver Anexo III: Estructura Curricular Profesorado en Ciencias de la Administraci\u00f3n\" href=\"https:\/\/ens46-sfe.infd.edu.ar\/sitio\/wp-content\/uploads\/2018\/10\/RM_2090-_15_ANEXO_ANEXO_III_Administracion.pdf\" target=\"_NEW\" rel=\"noopener\">Decreto N\u00b02090\/2015\u00a0<\/a><\/strong><\/strong><\/span><\/p>\n<p><span style=\"font-size: 15pt;\"><strong>R\u00e9gimen de Correlatividades:\u00a0<a href=\"https:\/\/ens46-sfe.infd.edu.ar\/sitio\/wp-content\/uploads\/2018\/11\/Administracion2090.pdf\">Anexo III Resoluci\u00f3n Ministerial N\u00ba 0123<\/a><\/strong><\/span><\/p>\n<table style=\"width: 798px; height: 3335px;\" border=\"1\" cellspacing=\"0\" cellpadding=\"0\">\n<tbody>\n<tr>\n<td width=\"100\"><strong><em>\u00a0Espacios Curriculares<\/em><\/strong><\/td>\n<td style=\"text-align: center;\" width=\"100\"><strong><em>Carga Horaria<\/em><\/strong><\/td>\n<td style=\"text-align: center;\" width=\"100\"><strong><em>Anual<\/em><\/strong><\/td>\n<td style=\"text-align: center;\" width=\"100\"><strong><em>Primer Cuatrimestre<\/em><\/strong><\/td>\n<td style=\"text-align: center;\" width=\"100\"><strong><em>Segundo Cuatrimestre<\/em><\/strong><\/td>\n<\/tr>\n<tr>\n<td style=\"text-align: center;\" colspan=\"5\" valign=\"center\" width=\"100\"><strong>PRIMER A\u00d1O<\/strong><\/td>\n<\/tr>\n<tr>\n<td>Pedagog\u00eda<\/td>\n<td style=\"text-align: center;\" width=\"100\">3 Hs<\/td>\n<td style=\"text-align: center;\" width=\"100\">X<\/td>\n<td><\/td>\n<td><\/td>\n<\/tr>\n<tr>\n<td>UCCV-Sociolog\u00eda<\/td>\n<td style=\"text-align: center;\" width=\"100\">3 Hs<\/td>\n<td style=\"text-align: center;\" width=\"100\">X<\/td>\n<td><\/td>\n<td style=\"text-align: center;\"><\/td>\n<\/tr>\n<tr>\n<td>Administraci\u00f3n General<\/td>\n<td style=\"text-align: center;\" width=\"100\">4 Hs<\/td>\n<td style=\"text-align: center;\" width=\"100\">X<\/td>\n<td><\/td>\n<td><\/td>\n<\/tr>\n<tr>\n<td width=\"100\">Administraci\u00f3n I<\/td>\n<td style=\"text-align: center;\" width=\"100\">3 Hs<\/td>\n<td style=\"text-align: center;\" width=\"100\">X<\/td>\n<td width=\"100\"><\/td>\n<td width=\"100\"><\/td>\n<\/tr>\n<tr>\n<td width=\"100\">Sistema de Informormaci\u00f3n Contable I<\/td>\n<td style=\"text-align: center;\" width=\"100\">5 Hs<\/td>\n<td style=\"text-align: center;\" width=\"100\">X<\/td>\n<td width=\"75\"><\/td>\n<td width=\"100\"><\/td>\n<\/tr>\n<tr>\n<td width=\"100\">Construcci\u00f3n de Ciudadan\u00eda<\/td>\n<td style=\"text-align: center;\" width=\"100\">3 Hs<\/td>\n<td style=\"text-align: center;\" width=\"100\">X<\/td>\n<td width=\"100\"><\/td>\n<td width=\"100\"><\/td>\n<\/tr>\n<tr>\n<td width=\"100\">Historia Econ\u00f3mica<\/td>\n<td style=\"text-align: center;\" width=\"75\">4 Hs<\/td>\n<td style=\"text-align: center;\" width=\"75\">X<\/td>\n<td width=\"75\"><\/td>\n<td width=\"76\"><\/td>\n<\/tr>\n<tr>\n<td width=\"352\">Matem\u00e1tica<\/td>\n<td style=\"text-align: center;\" width=\"75\">5 Hs<\/td>\n<td style=\"text-align: center;\" width=\"75\">X<\/td>\n<td width=\"75\"><\/td>\n<td width=\"76\"><\/td>\n<\/tr>\n<tr>\n<td width=\"352\">Pr\u00e1ctica Docente I: Escenarios Educativos<\/td>\n<td style=\"text-align: center;\" width=\"75\">3 Hs<\/td>\n<td style=\"text-align: center;\" width=\"75\">X<\/td>\n<td width=\"75\"><\/td>\n<td width=\"76\"><\/td>\n<\/tr>\n<tr>\n<td style=\"text-align: center;\" colspan=\"5\" valign=\"top\" width=\"100\"><strong>SEGUNDO A\u00d1O<\/strong><\/td>\n<\/tr>\n<tr>\n<td width=\"352\">Instituciones Educativas<\/td>\n<td style=\"text-align: center;\" width=\"75\">4\u00a0Hs<\/td>\n<td style=\"text-align: center;\" width=\"75\">X<\/td>\n<td width=\"75\"><\/td>\n<td width=\"76\"><\/td>\n<\/tr>\n<tr>\n<td width=\"352\">Did\u00e1ctica y Curriculum<\/td>\n<td style=\"text-align: center;\" width=\"75\">5\u00a0Hs<\/td>\n<td style=\"text-align: center;\" width=\"75\">X<\/td>\n<td width=\"75\"><\/td>\n<td width=\"76\"><\/td>\n<\/tr>\n<tr>\n<td width=\"352\">Psicolog\u00eda y Educaci\u00f3n<\/td>\n<td style=\"text-align: center;\" width=\"75\">5\u00a0Hs<\/td>\n<td style=\"text-align: center;\" width=\"75\">X<\/td>\n<td width=\"75\"><\/td>\n<td width=\"76\"><\/td>\n<\/tr>\n<tr>\n<td width=\"352\">Administraci\u00f3n II<\/td>\n<td style=\"text-align: center;\" width=\"75\">4 Hs<\/td>\n<td style=\"text-align: center;\" width=\"75\">X<\/td>\n<td width=\"75\"><\/td>\n<td width=\"76\"><\/td>\n<\/tr>\n<tr>\n<td width=\"352\">Sistema de Informaci\u00f3n Contable II<\/td>\n<td style=\"text-align: center;\" width=\"75\">5\u00a0Hs<\/td>\n<td style=\"text-align: center;\" width=\"75\">X<\/td>\n<td width=\"75\"><\/td>\n<td width=\"76\"><\/td>\n<\/tr>\n<tr>\n<td width=\"352\">Derecho I<\/td>\n<td style=\"text-align: center;\" width=\"75\">4\u00a0Hs<\/td>\n<td style=\"text-align: center;\" width=\"75\">X<\/td>\n<td width=\"75\"><\/td>\n<td width=\"76\"><\/td>\n<\/tr>\n<tr>\n<td width=\"352\">Econom\u00eda<\/td>\n<td style=\"text-align: center;\" width=\"75\">4\u00a0Hs<\/td>\n<td style=\"text-align: center;\" width=\"75\">X<\/td>\n<td width=\"75\"><\/td>\n<td width=\"76\"><\/td>\n<\/tr>\n<tr>\n<td width=\"352\">Estad\u00edstica Aplicada<\/td>\n<td style=\"text-align: center;\" width=\"75\">4 Hs<\/td>\n<td style=\"text-align: center;\" width=\"75\">X<\/td>\n<td width=\"75\"><\/td>\n<td width=\"76\"><\/td>\n<\/tr>\n<tr>\n<td width=\"352\">Did\u00e1ctica de la Administraci\u00f3n I<\/td>\n<td style=\"text-align: center;\" width=\"75\">3 Hs<\/td>\n<td style=\"text-align: center;\" width=\"75\">X<\/td>\n<td width=\"75\"><\/td>\n<td width=\"76\"><\/td>\n<\/tr>\n<tr>\n<td width=\"352\">Pr\u00e1ctica Docente II: La Instituci\u00f3n Escolar<\/td>\n<td style=\"text-align: center;\" width=\"75\">4 Hs<\/td>\n<td style=\"text-align: center;\" width=\"75\">X<\/td>\n<td width=\"75\"><\/td>\n<td width=\"76\"><\/td>\n<\/tr>\n<tr>\n<td style=\"text-align: center;\" colspan=\"5\" width=\"654\"><strong>TERCER A\u00d1O<\/strong><\/td>\n<\/tr>\n<tr>\n<td width=\"352\">Historia y Pol\u00edtica de Educaci\u00f3n Argentina<\/td>\n<td style=\"text-align: center;\" width=\"75\">3 Hs<\/td>\n<td style=\"text-align: center;\" width=\"75\">X<\/td>\n<td width=\"75\"><\/td>\n<td width=\"76\"><\/td>\n<\/tr>\n<tr>\n<td width=\"352\">Filosof\u00eda<\/td>\n<td style=\"text-align: center;\" width=\"75\">3 Hs<\/td>\n<td style=\"text-align: center;\" width=\"75\">X<\/td>\n<td width=\"75\"><\/td>\n<td width=\"76\"><\/td>\n<\/tr>\n<tr>\n<td width=\"352\">Metodolog\u00eda de la Investigaci\u00f3n<\/td>\n<td style=\"text-align: center;\" width=\"75\">3 Hs<\/td>\n<td style=\"text-align: center;\" width=\"75\">X<\/td>\n<td width=\"75\"><\/td>\n<td width=\"76\"><\/td>\n<\/tr>\n<tr>\n<td width=\"352\">Administraci\u00f3n\u00a0III<\/td>\n<td style=\"text-align: center;\" width=\"75\">4 \u00a0Hs<\/td>\n<td style=\"text-align: center;\" width=\"75\">\u00a0X<\/td>\n<td style=\"text-align: center;\" width=\"75\"><\/td>\n<td style=\"text-align: center;\" width=\"76\"><\/td>\n<\/tr>\n<tr>\n<td width=\"352\">Sistemas de Informaci\u00f3n Contable III<\/td>\n<td style=\"text-align: center;\" width=\"75\">5 Hs<\/td>\n<td style=\"text-align: center;\" width=\"75\">X<\/td>\n<td style=\"text-align: center;\" width=\"75\"><\/td>\n<td style=\"text-align: center;\" width=\"76\"><\/td>\n<\/tr>\n<tr>\n<td width=\"352\">Pr\u00e1ctica Impositiva y Laboral<\/td>\n<td style=\"text-align: center;\" width=\"75\">3 Hs<\/td>\n<td style=\"text-align: center;\" width=\"75\">\u00a0X<\/td>\n<td style=\"text-align: center;\" width=\"75\"><\/td>\n<td style=\"text-align: center;\" width=\"76\"><\/td>\n<\/tr>\n<tr>\n<td width=\"352\">Derecho II<\/td>\n<td style=\"text-align: center;\" width=\"75\">4 Hs<\/td>\n<td style=\"text-align: center;\" width=\"75\">X<\/td>\n<td width=\"75\"><\/td>\n<td width=\"76\"><\/td>\n<\/tr>\n<tr>\n<td width=\"352\">Did\u00e1ctica de la Administraci\u00f3n II<\/td>\n<td style=\"text-align: center;\" width=\"75\">4 Hs<\/td>\n<td style=\"text-align: center;\" width=\"75\">X<\/td>\n<td width=\"75\"><\/td>\n<td width=\"76\"><\/td>\n<\/tr>\n<tr>\n<td width=\"352\">Sujetos de la Educaci\u00f3n Secundaria<\/td>\n<td style=\"text-align: center;\" width=\"75\">5 Hs<\/td>\n<td style=\"text-align: center;\" width=\"75\">X<\/td>\n<td width=\"75\"><\/td>\n<td width=\"76\"><\/td>\n<\/tr>\n<tr>\n<td width=\"352\">Pr\u00e1ctica Docente III: La Clase, los Procesos del Aprender y del Ense\u00f1ar<\/td>\n<td style=\"text-align: center;\" width=\"75\"><strong>5 <\/strong>Hs<\/td>\n<td style=\"text-align: center;\" width=\"75\">X<\/td>\n<td width=\"75\"><\/td>\n<td width=\"76\"><\/td>\n<\/tr>\n<tr>\n<td width=\"352\">Producci\u00f3n de Recursos Did\u00e1cticos I<\/td>\n<td style=\"text-align: center;\" width=\"75\">2 Hs<\/td>\n<td style=\"text-align: center;\" width=\"75\">X<\/td>\n<td width=\"75\"><\/td>\n<td width=\"76\"><\/td>\n<\/tr>\n<tr>\n<td style=\"text-align: center;\" colspan=\"5\" width=\"654\"><strong>CUARTO A\u00d1O<\/strong><\/td>\n<\/tr>\n<tr>\n<td width=\"352\">\u00c9tica y Trabajo Docente<\/td>\n<td style=\"text-align: center;\" width=\"75\"><strong>3 Hs<\/strong><\/td>\n<td style=\"text-align: center;\" width=\"75\"><strong>X<\/strong><\/td>\n<td width=\"75\"><\/td>\n<td width=\"76\"><\/td>\n<\/tr>\n<tr>\n<td width=\"352\">ESI<\/td>\n<td style=\"text-align: center;\" width=\"75\"><strong>3 Hs<\/strong><\/td>\n<td style=\"text-align: center;\" width=\"75\"><strong>X<\/strong><\/td>\n<td width=\"75\"><\/td>\n<td width=\"76\"><\/td>\n<\/tr>\n<tr>\n<td width=\"352\">Matem\u00e1tica Financiera<\/td>\n<td style=\"text-align: center;\" width=\"75\"><strong>3 Hs<\/strong><\/td>\n<td style=\"text-align: center;\" width=\"75\"><strong>X<\/strong><\/td>\n<td width=\"75\"><\/td>\n<td width=\"76\"><\/td>\n<\/tr>\n<tr>\n<td width=\"352\">Producci\u00f3n de Recursos Did\u00e1cticos II<\/td>\n<td style=\"text-align: center;\" width=\"75\"><strong>4 Hs<\/strong><\/td>\n<td style=\"text-align: center;\" width=\"75\"><strong>X<\/strong><\/td>\n<td width=\"75\"><\/td>\n<td width=\"76\"><\/td>\n<\/tr>\n<tr>\n<td width=\"352\">Pr\u00e1ctica Docente IV<\/td>\n<td style=\"text-align: center;\" width=\"75\"><strong>6 Hs<\/strong><\/td>\n<td style=\"text-align: center;\" width=\"75\"><strong>X<\/strong><\/td>\n<td width=\"75\"><\/td>\n<td width=\"76\"><\/td>\n<\/tr>\n<tr>\n<td width=\"352\">Gesti\u00f3n Organizacional<\/td>\n<td style=\"text-align: center;\" width=\"75\"><strong>3 Hs<\/strong><\/td>\n<td style=\"text-align: center;\" width=\"75\"><strong>X<\/strong><\/td>\n<td width=\"75\"><\/td>\n<td width=\"76\"><\/td>\n<\/tr>\n<tr>\n<td width=\"100\">Pr\u00e1cticas de Investigaci\u00f3n<\/td>\n<td style=\"text-align: center;\" width=\"100\"><strong>3 Hs<\/strong><\/td>\n<td style=\"text-align: center;\" width=\"100\"><strong>X<\/strong><\/td>\n<td width=\"100\"><\/td>\n<td width=\"100\"><\/td>\n<\/tr>\n<tr>\n<td width=\"352\">Administraci\u00f3n IV<\/td>\n<td style=\"text-align: center;\" width=\"75\"><strong>3 Hs<\/strong><\/td>\n<td style=\"text-align: center;\" width=\"75\"><strong>X<\/strong><\/td>\n<td width=\"75\"><\/td>\n<td width=\"76\"><\/td>\n<\/tr>\n<tr>\n<td width=\"352\">UDI<\/td>\n<td style=\"text-align: center;\" width=\"75\"><strong>3 Hs<\/strong><\/td>\n<td style=\"text-align: center;\" width=\"75\"><strong>X<\/strong><\/td>\n<td width=\"75\"><\/td>\n<td width=\"76\"><\/td>\n<\/tr>\n<\/tbody>\n<\/table>\n","protected":false},"excerpt":{"rendered":"<p>Estructura Dise\u00f1o Curricular: Decreto N\u00b02090\/2015\u00a0 R\u00e9gimen de Correlatividades:\u00a0Anexo III Resoluci\u00f3n Ministerial N\u00ba 0123 \u00a0Espacios Curriculares Carga Horaria Anual Primer Cuatrimestre Segundo Cuatrimestre PRIMER A\u00d1O Pedagog\u00eda 3 Hs X UCCV-Sociolog\u00eda 3 Hs X Administraci\u00f3n General 4 Hs X Administraci\u00f3n I 3 Hs X Sistema de Informormaci\u00f3n Contable I 5 Hs X Construcci\u00f3n de Ciudadan\u00eda 3 Hs &#8230; <a title=\"(PESCA) Plan de Estudios\" class=\"read-more\" href=\"https:\/\/ens46-sfe.infd.edu.ar\/sitio\/pesca-plan-de-estudios\/\" aria-label=\"More on (PESCA) Plan de Estudios\">[+]<\/a><\/p>\n","protected":false},"author":7,"featured_media":0,"parent":0,"menu_order":0,"comment_status":"closed","ping_status":"closed","template":"","meta":[],"acf":[],"_links":{"self":[{"href":"https:\/\/ens46-sfe.infd.edu.ar\/sitio\/wp-json\/wp\/v2\/pages\/1282"}],"collection":[{"href":"https:\/\/ens46-sfe.infd.edu.ar\/sitio\/wp-json\/wp\/v2\/pages"}],"about":[{"href":"https:\/\/ens46-sfe.infd.edu.ar\/sitio\/wp-json\/wp\/v2\/types\/page"}],"author":[{"embeddable":true,"href":"https:\/\/ens46-sfe.infd.edu.ar\/sitio\/wp-json\/wp\/v2\/users\/7"}],"replies":[{"embeddable":true,"href":"https:\/\/ens46-sfe.infd.edu.ar\/sitio\/wp-json\/wp\/v2\/comments?post=1282"}],"version-history":[{"count":62,"href":"https:\/\/ens46-sfe.infd.edu.ar\/sitio\/wp-json\/wp\/v2\/pages\/1282\/revisions"}],"predecessor-version":[{"id":2903,"href":"https:\/\/ens46-sfe.infd.edu.ar\/sitio\/wp-json\/wp\/v2\/pages\/1282\/revisions\/2903"}],"wp:attachment":[{"href":"https:\/\/ens46-sfe.infd.edu.ar\/sitio\/wp-json\/wp\/v2\/media?parent=1282"}],"curies":[{"name":"wp","href":"https:\/\/api.w.org\/{rel}","templated":true}]}}