{"id":1307,"date":"2018-08-31T16:13:50","date_gmt":"2018-08-31T19:13:50","guid":{"rendered":"https:\/\/ens46-sfe.infd.edu.ar\/sitio\/psa-competencias-profesionales\/"},"modified":"2020-11-25T16:06:58","modified_gmt":"2020-11-25T19:06:58","slug":"psa-competencias-profesionales","status":"publish","type":"page","link":"https:\/\/ens46-sfe.infd.edu.ar\/sitio\/psa-competencias-profesionales\/","title":{"rendered":"(TSDS) Competencias profesionales"},"content":{"rendered":"<p><span style=\"color: #000000;\">El T\u00e9cnico Superior en Desarrollo de Software est\u00e1 capacitado para manifestar conocimientos, habilidades, destrezas, valores y actitudes en situaciones reales de trabajo, conforme a criterios de profesionalidad propios de su \u00e1rea y responsabilidad social.<\/span><\/p>\n<p><span style=\"color: #000000;\">El T\u00e9cnico Superior en Desarrollo de Software estar\u00e1 capacitado para producir artefactos de Software, lo que comprende su dise\u00f1o detallado, construcci\u00f3n -reutilizando elementos existentes o program\u00e1ndolos enteramente- y verificaci\u00f3n unitaria, as\u00ed como su depuraci\u00f3n, optimizaci\u00f3n y mantenimiento; desarrollando las actividades descriptas en el perfil profesional y cumpliendo con los criterios de realizaci\u00f3n establecidos para las mismas en el marco de un equipo de trabajo organizado por proyecto.<\/span><\/p>\n<p><span style=\"color: #000000;\">El T\u00e9cnico Superior en Desarrollo de Software participa en proyectos de desarrollo de software desempe\u00f1ando roles que tienen por objeto producir artefactos de software (programas, m\u00f3dulos, objetos).<\/span><\/p>\n","protected":false},"excerpt":{"rendered":"<p>El T\u00e9cnico Superior en Desarrollo de Software est\u00e1 capacitado para manifestar conocimientos, habilidades, destrezas, valores y actitudes en situaciones reales de trabajo, conforme a criterios de profesionalidad propios de su \u00e1rea y responsabilidad social. El T\u00e9cnico Superior en Desarrollo de Software estar\u00e1 capacitado para producir artefactos de Software, lo que comprende su dise\u00f1o detallado, construcci\u00f3n &#8230; <a title=\"(TSDS) Competencias profesionales\" class=\"read-more\" href=\"https:\/\/ens46-sfe.infd.edu.ar\/sitio\/psa-competencias-profesionales\/\" aria-label=\"More on (TSDS) Competencias profesionales\">[+]<\/a><\/p>\n","protected":false},"author":7,"featured_media":0,"parent":0,"menu_order":0,"comment_status":"closed","ping_status":"closed","template":"","meta":[],"acf":[],"_links":{"self":[{"href":"https:\/\/ens46-sfe.infd.edu.ar\/sitio\/wp-json\/wp\/v2\/pages\/1307"}],"collection":[{"href":"https:\/\/ens46-sfe.infd.edu.ar\/sitio\/wp-json\/wp\/v2\/pages"}],"about":[{"href":"https:\/\/ens46-sfe.infd.edu.ar\/sitio\/wp-json\/wp\/v2\/types\/page"}],"author":[{"embeddable":true,"href":"https:\/\/ens46-sfe.infd.edu.ar\/sitio\/wp-json\/wp\/v2\/users\/7"}],"replies":[{"embeddable":true,"href":"https:\/\/ens46-sfe.infd.edu.ar\/sitio\/wp-json\/wp\/v2\/comments?post=1307"}],"version-history":[{"count":4,"href":"https:\/\/ens46-sfe.infd.edu.ar\/sitio\/wp-json\/wp\/v2\/pages\/1307\/revisions"}],"predecessor-version":[{"id":2698,"href":"https:\/\/ens46-sfe.infd.edu.ar\/sitio\/wp-json\/wp\/v2\/pages\/1307\/revisions\/2698"}],"wp:attachment":[{"href":"https:\/\/ens46-sfe.infd.edu.ar\/sitio\/wp-json\/wp\/v2\/media?parent=1307"}],"curies":[{"name":"wp","href":"https:\/\/api.w.org\/{rel}","templated":true}]}}