{"id":1311,"date":"2018-08-31T16:13:51","date_gmt":"2018-08-31T19:13:51","guid":{"rendered":"https:\/\/ens46-sfe.infd.edu.ar\/sitio\/tsds-psa-plan-de-estudios\/"},"modified":"2023-03-11T21:33:30","modified_gmt":"2023-03-12T00:33:30","slug":"tsds-psa-plan-de-estudios","status":"publish","type":"page","link":"https:\/\/ens46-sfe.infd.edu.ar\/sitio\/tsds-psa-plan-de-estudios\/","title":{"rendered":"(TSDS) Plan de Estudios"},"content":{"rendered":"<p><strong>Estructura Dise\u00f1o Curricular:<a title=\"https:\/\/ens46-sfe.infd.edu.ar\/aula\/archivos\/repositorio\/\/750\/782\/Anexo_I-Res_2120-16.pdf\" href=\"https:\/\/ens46-sfe.infd.edu.ar\/aula\/archivos\/repositorio\/\/750\/782\/Anexo_I-Res_2120-16.pdf\" target=\"_NEW\" rel=\"noopener\">\u00a0Anexo I- Resoluci\u00f3n N\u00b0 2120\/16<\/a>\u00a0<\/strong><\/p>\n<p><a href=\"https:\/\/ens46-sfe.infd.edu.ar\/sitio\/wp-content\/uploads\/2018\/11\/correlatividades-TSDS.png\" target=\"_blank\" rel=\"noopener\"><strong>R\u00e9gimen de Correlatividades<\/strong><\/a><\/p>\n<table style=\"width: 615px;\" border=\"1\" cellspacing=\"0\" cellpadding=\"0\">\n<tbody>\n<tr>\n<td style=\"text-align: center;\" width=\"303\"><strong>Espacios Curriculares<\/strong><\/td>\n<td style=\"text-align: center;\" width=\"76\"><strong><em>Carga Horaria<\/em><\/strong><\/td>\n<td style=\"text-align: center;\" width=\"66\"><strong><em>Anual<\/em><\/strong><\/td>\n<td style=\"text-align: center;\" width=\"79\"><strong><em>Primer Cuatrim<\/em><\/strong><\/td>\n<td width=\"91\"><strong><em>Segundo Cuatrim<\/em><\/strong><\/td>\n<\/tr>\n<tr>\n<td style=\"text-align: center;\" colspan=\"5\" width=\"615\"><strong>PRIMER A\u00d1O<\/strong><\/td>\n<\/tr>\n<tr>\n<td width=\"303\">Comunicaci\u00f3n<\/td>\n<td style=\"text-align: center;\" width=\"76\"><strong>3 Hs<\/strong><\/td>\n<td style=\"text-align: center;\" width=\"66\"><\/td>\n<td style=\"text-align: center;\" width=\"79\"><strong>X<\/strong><\/td>\n<td width=\"91\"><\/td>\n<\/tr>\n<tr>\n<td width=\"303\">UDI I<\/td>\n<td style=\"text-align: center;\" width=\"76\"><strong>3 Hs<\/strong><\/td>\n<td style=\"text-align: center;\" width=\"66\"><\/td>\n<td style=\"text-align: center;\" width=\"79\"><\/td>\n<td style=\"text-align: center;\" width=\"91\"><strong>X<\/strong><\/td>\n<\/tr>\n<tr>\n<td width=\"303\">Matem\u00e1tica<\/td>\n<td style=\"text-align: center;\" width=\"76\"><strong>4 Hs<\/strong><\/td>\n<td style=\"text-align: center;\" width=\"66\"><strong>X<\/strong><\/td>\n<td style=\"text-align: center;\" width=\"79\"><\/td>\n<td width=\"91\"><\/td>\n<\/tr>\n<tr>\n<td width=\"303\">Ingles T\u00e9cnico I<\/td>\n<td style=\"text-align: center;\" width=\"76\"><strong>3 Hs<\/strong><\/td>\n<td style=\"text-align: center;\" width=\"66\"><strong>X<\/strong><\/td>\n<td style=\"text-align: center;\" width=\"79\"><\/td>\n<td width=\"91\"><\/td>\n<\/tr>\n<tr>\n<td width=\"303\">Administraci\u00f3n<\/td>\n<td style=\"text-align: center;\" width=\"76\"><strong>3 Hs<\/strong><\/td>\n<td style=\"text-align: center;\" width=\"66\"><strong>X<\/strong><\/td>\n<td style=\"text-align: center;\" width=\"79\"><\/td>\n<td width=\"91\"><\/td>\n<\/tr>\n<tr>\n<td width=\"303\">Tecnolog\u00eda de la Informaci\u00f3n<\/td>\n<td style=\"text-align: center;\" width=\"76\"><strong>3 Hs<\/strong><\/td>\n<td style=\"text-align: center;\" width=\"66\"><strong>X<\/strong><\/td>\n<td style=\"text-align: center;\" width=\"79\"><\/td>\n<td width=\"91\"><\/td>\n<\/tr>\n<tr>\n<td width=\"303\">L\u00f3gica y estructura de Datos<\/td>\n<td style=\"text-align: center;\" width=\"76\"><strong>4 Hs<\/strong><\/td>\n<td style=\"text-align: center;\" width=\"66\"><strong>X<\/strong><\/td>\n<td style=\"text-align: center;\" width=\"79\"><\/td>\n<td width=\"91\"><\/td>\n<\/tr>\n<tr>\n<td width=\"303\">Ingenier\u00eda del Software I<\/td>\n<td style=\"text-align: center;\" width=\"76\"><strong>4 Hs<\/strong><\/td>\n<td style=\"text-align: center;\" width=\"66\"><strong>X<\/strong><\/td>\n<td width=\"79\"><\/td>\n<td width=\"91\"><\/td>\n<\/tr>\n<tr>\n<td width=\"303\">Sistemas\u00a0 Operativos<\/td>\n<td style=\"text-align: center;\" width=\"76\"><strong>4 Hs<\/strong><\/td>\n<td style=\"text-align: center;\" width=\"66\"><strong>X<\/strong><\/td>\n<td width=\"79\"><\/td>\n<td width=\"91\"><\/td>\n<\/tr>\n<tr>\n<td style=\"text-align: center;\" colspan=\"5\" width=\"615\"><strong>SEGUNDO A\u00d1O<\/strong><\/td>\n<\/tr>\n<tr>\n<td width=\"303\">\u00a0Problem\u00e1ticas Socio\u00a0 Contempor\u00e1neas<\/td>\n<td style=\"text-align: center;\" width=\"76\"><strong>3 hs<\/strong><\/td>\n<td style=\"text-align: center;\" width=\"66\"><\/td>\n<td style=\"text-align: center;\" width=\"79\"><strong>X<\/strong><\/td>\n<td width=\"91\"><\/td>\n<\/tr>\n<tr>\n<td width=\"303\">\u00a0UDI II<\/td>\n<td style=\"text-align: center;\" width=\"76\"><strong>3 hs<\/strong><\/td>\n<td style=\"text-align: center;\" width=\"66\"><\/td>\n<td style=\"text-align: center;\" width=\"79\"><\/td>\n<td style=\"text-align: center;\" width=\"91\">\u00a0<strong>X<\/strong><\/td>\n<\/tr>\n<tr>\n<td width=\"303\">\u00a0Ingl\u00e9s t\u00e9cnico II<\/td>\n<td style=\"text-align: center;\" width=\"76\"><strong>3 hs<\/strong><\/td>\n<td style=\"text-align: center;\" width=\"66\"><strong>X<\/strong><\/td>\n<td style=\"text-align: center;\" width=\"79\"><\/td>\n<td width=\"91\"><\/td>\n<\/tr>\n<tr>\n<td width=\"303\">\u00a0Estad\u00edstica<\/td>\n<td style=\"text-align: center;\" width=\"76\"><strong>3 hs<\/strong><\/td>\n<td style=\"text-align: center;\" width=\"66\"><strong>X<\/strong><\/td>\n<td style=\"text-align: center;\" width=\"79\"><\/td>\n<td width=\"91\"><\/td>\n<\/tr>\n<tr>\n<td width=\"303\">\u00a0Programaci\u00f3n I<\/td>\n<td style=\"text-align: center;\" width=\"76\"><strong>6 hs<\/strong><\/td>\n<td style=\"text-align: center;\" width=\"66\"><strong>X<\/strong><\/td>\n<td style=\"text-align: center;\" width=\"79\"><\/td>\n<td width=\"91\"><\/td>\n<\/tr>\n<tr>\n<td width=\"303\">\u00a0Innovaci\u00f3n y Desarrollo Emprendedor<\/td>\n<td style=\"text-align: center;\" width=\"76\"><strong>3 hs<\/strong><\/td>\n<td style=\"text-align: center;\" width=\"66\"><strong>X<\/strong><\/td>\n<td style=\"text-align: center;\" width=\"79\"><\/td>\n<td width=\"91\"><\/td>\n<\/tr>\n<tr>\n<td width=\"303\">\u00a0Ingenier\u00eda de Software II<\/td>\n<td style=\"text-align: center;\" width=\"76\"><strong>4 hs<\/strong><\/td>\n<td style=\"text-align: center;\" width=\"66\"><strong>X<\/strong><\/td>\n<td style=\"text-align: center;\" width=\"79\"><\/td>\n<td width=\"91\"><strong>\u00a0<\/strong><\/td>\n<\/tr>\n<tr>\n<td width=\"303\">\u00a0Base de Datos I<\/td>\n<td style=\"text-align: center;\" width=\"76\"><strong>4 hs<\/strong><\/td>\n<td style=\"text-align: center;\" width=\"66\"><strong>X<\/strong><\/td>\n<td style=\"text-align: center;\" width=\"79\"><\/td>\n<td width=\"91\"><\/td>\n<\/tr>\n<tr>\n<td width=\"303\">\u00a0Pr\u00e1cticas Profesionalizantes I<\/td>\n<td style=\"text-align: center;\" width=\"76\"><strong>4 hs<\/strong><\/td>\n<td style=\"text-align: center;\" width=\"66\"><strong>X<\/strong><\/td>\n<td style=\"text-align: center;\" width=\"79\"><\/td>\n<td width=\"91\"><\/td>\n<\/tr>\n<tr>\n<td style=\"text-align: center;\" colspan=\"5\" width=\"615\"><strong>TERCER A\u00d1O<\/strong><\/td>\n<\/tr>\n<tr style=\"height: 34px;\">\n<td style=\"height: 34px;\" width=\"303\">\u00c9tica y Responsabilidad Social<\/td>\n<td style=\"text-align: center; height: 34px;\" width=\"76\"><strong>3 hs<\/strong><\/td>\n<td style=\"text-align: center; height: 34px;\" width=\"66\"><\/td>\n<td style=\"text-align: center; height: 34px;\" width=\"79\"><strong>X<\/strong><\/td>\n<td style=\"height: 34px;\" width=\"91\"><\/td>\n<\/tr>\n<tr>\n<td width=\"303\">Derecho y Legislaci\u00f3n Laboral<\/td>\n<td style=\"text-align: center;\" width=\"76\"><strong>3 hs<\/strong><\/td>\n<td style=\"text-align: center;\" width=\"66\"><\/td>\n<td style=\"text-align: center;\" width=\"79\"><\/td>\n<td style=\"text-align: center;\" width=\"91\"><strong>X<\/strong><\/td>\n<\/tr>\n<tr>\n<td width=\"303\">Redes y Comunicaci\u00f3n<\/td>\n<td style=\"text-align: center;\" width=\"76\"><strong>4 hs<\/strong><\/td>\n<td style=\"text-align: center;\" width=\"66\"><strong>X<\/strong><\/td>\n<td style=\"text-align: center;\" width=\"79\"><\/td>\n<td width=\"91\"><\/td>\n<\/tr>\n<tr>\n<td width=\"303\">Programaci\u00f3n II<\/td>\n<td style=\"text-align: center;\" width=\"76\"><strong>6 hs<\/strong><\/td>\n<td style=\"text-align: center;\" width=\"66\"><strong>X<\/strong><\/td>\n<td style=\"text-align: center;\" width=\"79\"><\/td>\n<td width=\"91\"><\/td>\n<\/tr>\n<tr>\n<td width=\"303\">Gesti\u00f3n de Proyectos de Software<\/td>\n<td style=\"text-align: center;\" width=\"76\"><strong>4 hs<\/strong><\/td>\n<td style=\"text-align: center;\" width=\"66\"><strong>X<\/strong><\/td>\n<td style=\"text-align: center;\" width=\"79\"><\/td>\n<td width=\"91\"><\/td>\n<\/tr>\n<tr>\n<td width=\"303\">Bases de Datos II<\/td>\n<td style=\"text-align: center;\" width=\"76\"><strong>4 hs<\/strong><\/td>\n<td style=\"text-align: center;\" width=\"66\"><strong>X<\/strong><\/td>\n<td style=\"text-align: center;\" width=\"79\"><\/td>\n<td width=\"91\"><\/td>\n<\/tr>\n<tr>\n<td width=\"303\">Pr\u00e1cticas Profesionalizantes II<\/td>\n<td style=\"text-align: center;\" width=\"76\"><strong>6 hs<\/strong><\/td>\n<td style=\"text-align: center;\" width=\"66\"><strong>X<\/strong><\/td>\n<td style=\"text-align: center;\" width=\"79\"><\/td>\n<td width=\"91\"><\/td>\n<\/tr>\n<\/tbody>\n<\/table>\n","protected":false},"excerpt":{"rendered":"<p>Estructura Dise\u00f1o Curricular:\u00a0Anexo I- Resoluci\u00f3n N\u00b0 2120\/16\u00a0 R\u00e9gimen de Correlatividades Espacios Curriculares Carga Horaria Anual Primer Cuatrim Segundo Cuatrim PRIMER A\u00d1O Comunicaci\u00f3n 3 Hs X UDI I 3 Hs X Matem\u00e1tica 4 Hs X Ingles T\u00e9cnico I 3 Hs X Administraci\u00f3n 3 Hs X Tecnolog\u00eda de la Informaci\u00f3n 3 Hs X L\u00f3gica y estructura de &#8230; <a title=\"(TSDS) Plan de Estudios\" class=\"read-more\" href=\"https:\/\/ens46-sfe.infd.edu.ar\/sitio\/tsds-psa-plan-de-estudios\/\" aria-label=\"More on (TSDS) Plan de Estudios\">[+]<\/a><\/p>\n","protected":false},"author":7,"featured_media":0,"parent":0,"menu_order":0,"comment_status":"closed","ping_status":"closed","template":"","meta":[],"acf":[],"_links":{"self":[{"href":"https:\/\/ens46-sfe.infd.edu.ar\/sitio\/wp-json\/wp\/v2\/pages\/1311"}],"collection":[{"href":"https:\/\/ens46-sfe.infd.edu.ar\/sitio\/wp-json\/wp\/v2\/pages"}],"about":[{"href":"https:\/\/ens46-sfe.infd.edu.ar\/sitio\/wp-json\/wp\/v2\/types\/page"}],"author":[{"embeddable":true,"href":"https:\/\/ens46-sfe.infd.edu.ar\/sitio\/wp-json\/wp\/v2\/users\/7"}],"replies":[{"embeddable":true,"href":"https:\/\/ens46-sfe.infd.edu.ar\/sitio\/wp-json\/wp\/v2\/comments?post=1311"}],"version-history":[{"count":26,"href":"https:\/\/ens46-sfe.infd.edu.ar\/sitio\/wp-json\/wp\/v2\/pages\/1311\/revisions"}],"predecessor-version":[{"id":2905,"href":"https:\/\/ens46-sfe.infd.edu.ar\/sitio\/wp-json\/wp\/v2\/pages\/1311\/revisions\/2905"}],"wp:attachment":[{"href":"https:\/\/ens46-sfe.infd.edu.ar\/sitio\/wp-json\/wp\/v2\/media?parent=1311"}],"curies":[{"name":"wp","href":"https:\/\/api.w.org\/{rel}","templated":true}]}}