{"id":1323,"date":"2018-08-31T16:13:55","date_gmt":"2018-08-31T19:13:55","guid":{"rendered":"https:\/\/ens46-sfe.infd.edu.ar\/sitio\/tsafsi-tsia-plan-de-estudios\/"},"modified":"2023-03-11T21:42:59","modified_gmt":"2023-03-12T00:42:59","slug":"tsafsi-tsia-plan-de-estudios","status":"publish","type":"page","link":"https:\/\/ens46-sfe.infd.edu.ar\/sitio\/tsafsi-tsia-plan-de-estudios\/","title":{"rendered":"(TSAFSI) Plan de Estudios"},"content":{"rendered":"<p><strong>Estructura Dise\u00f1o Curricular: <a title=\"https:\/\/ens46-sfe.infd.edu.ar\/aula\/archivos\/repositorio\/\/750\/781\/Anexo_III-Res_2120-16.pdf\" href=\"https:\/\/ens46-sfe.infd.edu.ar\/aula\/archivos\/repositorio\/\/750\/781\/Anexo_III-Res_2120-16.pdf\" target=\"_NEW\" rel=\"noopener\">Anexo III- Resoluci\u00f3n N\u00b0 2120\/16<\/a>\u00a0<\/strong><\/p>\n<p><a href=\"https:\/\/ens46-sfe.infd.edu.ar\/sitio\/wp-content\/uploads\/2018\/11\/correlatividades-TSAFSI.png\" target=\"_blank\" rel=\"noopener\"><strong>R\u00e9gimen de Correlatividades<\/strong><\/a><\/p>\n<table border=\"1\" width=\"536\">\n<tbody>\n<tr>\n<td style=\"text-align: center;\" width=\"198\"><strong>Espacios Curriculares<\/strong><\/td>\n<td style=\"text-align: center;\" width=\"77\"><strong><em>Carga Horaria<\/em><\/strong><\/td>\n<td style=\"text-align: center;\" width=\"78\"><strong><em>Anual<\/em><\/strong><\/td>\n<td style=\"text-align: center;\" width=\"80\"><strong><em>Primer Cuatrim<\/em><\/strong><\/td>\n<td style=\"text-align: center;\" width=\"86\"><strong><em>Segundo Cuatrim<\/em><\/strong><\/td>\n<\/tr>\n<tr>\n<td style=\"text-align: center;\" colspan=\"5\" width=\"531\"><strong>PRIMER A\u00d1O<\/strong><\/td>\n<\/tr>\n<tr>\n<td width=\"198\">Comunicaci\u00f3n<\/td>\n<td style=\"text-align: center;\" width=\"77\"><strong>3 Hs<\/strong><\/td>\n<td width=\"78\"><\/td>\n<td style=\"text-align: center;\" width=\"80\"><strong>X<\/strong><\/td>\n<td width=\"86\"><\/td>\n<\/tr>\n<tr>\n<td width=\"198\">UDI I<\/td>\n<td style=\"text-align: center;\" width=\"77\"><strong>3 Hs<\/strong><\/td>\n<td width=\"78\"><\/td>\n<td width=\"80\"><\/td>\n<td style=\"text-align: center;\" width=\"86\"><strong>X<\/strong><\/td>\n<\/tr>\n<tr>\n<td width=\"198\">Matem\u00e1tica<\/td>\n<td style=\"text-align: center;\" width=\"77\"><strong>3 Hs<\/strong><\/td>\n<td style=\"text-align: center;\" width=\"78\"><strong>X<\/strong><\/td>\n<td width=\"80\"><\/td>\n<td width=\"86\"><\/td>\n<\/tr>\n<tr>\n<td width=\"198\">Ingles T\u00e9cnico I<\/td>\n<td style=\"text-align: center;\" width=\"77\"><strong>3 Hs<\/strong><\/td>\n<td style=\"text-align: center;\" width=\"78\"><strong>X<\/strong><\/td>\n<td width=\"80\"><\/td>\n<td width=\"86\"><\/td>\n<\/tr>\n<tr>\n<td width=\"198\">Psicosociolog\u00eda de las Organizaciones<\/td>\n<td style=\"text-align: center;\" width=\"77\"><strong>3 Hs<\/strong><\/td>\n<td style=\"text-align: center;\" width=\"78\"><strong>X<\/strong><\/td>\n<td width=\"80\"><strong>\u00a0<\/strong><\/td>\n<td width=\"86\"><strong>\u00a0<\/strong><\/td>\n<\/tr>\n<tr>\n<td width=\"198\">Modelos de Negocios<\/td>\n<td style=\"text-align: center;\" width=\"77\"><strong>3 Hs<\/strong><\/td>\n<td style=\"text-align: center;\" width=\"78\"><strong>X<\/strong><\/td>\n<td width=\"80\"><\/td>\n<td width=\"86\"><\/td>\n<\/tr>\n<tr>\n<td width=\"198\">Arquitectura de Computadoras<\/td>\n<td style=\"text-align: center;\" width=\"77\"><strong>4 Hs<\/strong><\/td>\n<td style=\"text-align: center;\" width=\"78\"><strong>X<\/strong><\/td>\n<td width=\"80\"><\/td>\n<td width=\"86\"><\/td>\n<\/tr>\n<tr>\n<td width=\"198\">Gesti\u00f3n de Software I<\/td>\n<td style=\"text-align: center;\" width=\"77\"><strong>4 Hs<\/strong><\/td>\n<td style=\"text-align: center;\" width=\"78\"><strong>X<\/strong><\/td>\n<td width=\"80\"><\/td>\n<td width=\"86\"><\/td>\n<\/tr>\n<tr>\n<td width=\"198\">An\u00e1lisis de Sistemas Organizacionales<\/td>\n<td style=\"text-align: center;\" width=\"77\"><strong>5 Hs<\/strong><\/td>\n<td style=\"text-align: center;\" width=\"78\"><strong>X<\/strong><\/td>\n<td width=\"80\"><\/td>\n<td width=\"86\"><\/td>\n<\/tr>\n<tr>\n<td style=\"text-align: center;\" colspan=\"5\" width=\"531\"><b>SEGUNDO A\u00d1O<\/b><\/td>\n<\/tr>\n<tr>\n<td width=\"198\">Problem\u00e1ticas Socio Contempor\u00e1neas<\/td>\n<td style=\"text-align: center;\" width=\"77\"><strong>3 Hs<\/strong><\/td>\n<td width=\"78\"><\/td>\n<td style=\"text-align: center;\" width=\"80\"><strong>X<\/strong><\/td>\n<td width=\"86\"><\/td>\n<\/tr>\n<tr>\n<td width=\"198\">UDI II<\/td>\n<td style=\"text-align: center;\" width=\"77\"><strong>3 Hs<\/strong><\/td>\n<td width=\"78\"><\/td>\n<td width=\"80\"><\/td>\n<td style=\"text-align: center;\" width=\"86\"><strong>X<\/strong><\/td>\n<\/tr>\n<tr>\n<td width=\"198\">Ingles T\u00e9cnico II<\/td>\n<td style=\"text-align: center;\" width=\"77\"><strong>3 Hs<\/strong><\/td>\n<td style=\"text-align: center;\" width=\"78\"><strong>X<\/strong><\/td>\n<td width=\"80\"><\/td>\n<td width=\"86\"><\/td>\n<\/tr>\n<tr>\n<td width=\"198\">Estad\u00edstica<\/td>\n<td style=\"text-align: center;\" width=\"77\"><strong>3 Hs<\/strong><\/td>\n<td style=\"text-align: center;\" width=\"78\"><strong>X<\/strong><\/td>\n<td width=\"80\"><\/td>\n<td width=\"86\"><\/td>\n<\/tr>\n<tr>\n<td width=\"198\">Gesti\u00f3n del Software II<\/td>\n<td style=\"text-align: center;\" width=\"77\"><strong>4 Hs<\/strong><\/td>\n<td style=\"text-align: center;\" width=\"78\"><strong>X<\/strong><\/td>\n<td width=\"80\"><\/td>\n<td width=\"86\"><\/td>\n<\/tr>\n<tr>\n<td width=\"198\">Innovaci\u00f3n y Desarrollo Emprendedor<\/td>\n<td style=\"text-align: center;\" width=\"77\"><strong>3 Hs<\/strong><\/td>\n<td style=\"text-align: center;\" width=\"78\"><strong>X<\/strong><\/td>\n<td width=\"80\"><\/td>\n<td width=\"86\"><\/td>\n<\/tr>\n<tr>\n<td width=\"198\">Estrategia de Negocios<\/td>\n<td style=\"text-align: center;\" width=\"77\"><strong>4 Hs<\/strong><\/td>\n<td style=\"text-align: center;\" width=\"78\"><strong>X<\/strong><\/td>\n<td width=\"80\"><\/td>\n<td width=\"86\"><\/td>\n<\/tr>\n<tr>\n<td width=\"198\">Desarrollo de Sistemas<\/td>\n<td style=\"text-align: center;\" width=\"77\"><strong>5 Hs<\/strong><\/td>\n<td style=\"text-align: center;\" width=\"78\"><strong>X<\/strong><\/td>\n<td width=\"80\"><\/td>\n<td width=\"86\"><\/td>\n<\/tr>\n<tr>\n<td width=\"198\">Pr\u00e1cticas Profesionalizantes I<\/td>\n<td style=\"text-align: center;\" width=\"77\"><strong>4 Hs<\/strong><\/td>\n<td style=\"text-align: center;\" width=\"78\"><strong>X<\/strong><\/td>\n<td width=\"80\"><\/td>\n<td width=\"86\"><\/td>\n<\/tr>\n<tr>\n<td style=\"text-align: center;\" colspan=\"5\" width=\"531\"><strong>TERCER A\u00d1O<\/strong><\/td>\n<\/tr>\n<tr>\n<td width=\"198\">\u00c9tica y Responsabilidad Social<\/td>\n<td style=\"text-align: center;\" width=\"77\"><strong>3 Hs<\/strong><\/td>\n<td style=\"text-align: center;\" width=\"78\"><\/td>\n<td style=\"text-align: center;\" width=\"80\"><strong>X<\/strong><\/td>\n<td width=\"86\"><\/td>\n<\/tr>\n<tr>\n<td width=\"198\">Derecho y Legislaci\u00f3n Laboral<\/td>\n<td style=\"text-align: center;\" width=\"77\"><strong>3 Hs<\/strong><\/td>\n<td style=\"text-align: center;\" width=\"78\"><\/td>\n<td width=\"80\"><\/td>\n<td style=\"text-align: center;\" width=\"86\"><strong>X<\/strong><\/td>\n<\/tr>\n<tr>\n<td width=\"198\">Redes y Comunicaciones<\/td>\n<td style=\"text-align: center;\" width=\"77\"><strong>3 Hs<\/strong><\/td>\n<td style=\"text-align: center;\" width=\"78\"><strong>X<\/strong><\/td>\n<td width=\"80\"><\/td>\n<td width=\"86\"><\/td>\n<\/tr>\n<tr>\n<td width=\"198\">Seguridad de los Sistemas<\/td>\n<td style=\"text-align: center;\" width=\"77\"><strong>3 Hs<\/strong><\/td>\n<td style=\"text-align: center;\" width=\"78\"><strong>X<\/strong><\/td>\n<td width=\"80\"><\/td>\n<td width=\"86\"><\/td>\n<\/tr>\n<tr>\n<td width=\"198\">Bases de Datos<\/td>\n<td style=\"text-align: center;\" width=\"77\"><strong>4 Hs<\/strong><\/td>\n<td style=\"text-align: center;\" width=\"78\"><strong>X<\/strong><\/td>\n<td width=\"80\"><\/td>\n<td width=\"86\"><\/td>\n<\/tr>\n<tr>\n<td width=\"198\">Sistema de Informaci\u00f3n Organizacional<\/td>\n<td style=\"text-align: center;\" width=\"77\"><strong>3 Hs<\/strong><\/td>\n<td style=\"text-align: center;\" width=\"78\"><strong>X<\/strong><\/td>\n<td width=\"80\"><\/td>\n<td width=\"86\"><\/td>\n<\/tr>\n<tr>\n<td width=\"198\">Desarrollo de Sistemas Web<\/td>\n<td style=\"text-align: center;\" width=\"77\"><strong>5 Hs<\/strong><\/td>\n<td style=\"text-align: center;\" width=\"78\"><strong>X<\/strong><\/td>\n<td width=\"80\"><\/td>\n<td width=\"86\"><\/td>\n<\/tr>\n<tr>\n<td width=\"198\">Pr\u00e1cticas Profesionalizantes II<\/td>\n<td style=\"text-align: center;\" width=\"77\"><strong>6 Hs<\/strong><\/td>\n<td style=\"text-align: center;\" width=\"78\"><strong>X<\/strong><\/td>\n<td width=\"80\"><\/td>\n<td width=\"86\"><\/td>\n<\/tr>\n<\/tbody>\n<\/table>\n","protected":false},"excerpt":{"rendered":"<p>Estructura Dise\u00f1o Curricular: Anexo III- Resoluci\u00f3n N\u00b0 2120\/16\u00a0 R\u00e9gimen de Correlatividades Espacios Curriculares Carga Horaria Anual Primer Cuatrim Segundo Cuatrim PRIMER A\u00d1O Comunicaci\u00f3n 3 Hs X UDI I 3 Hs X Matem\u00e1tica 3 Hs X Ingles T\u00e9cnico I 3 Hs X Psicosociolog\u00eda de las Organizaciones 3 Hs X \u00a0 \u00a0 Modelos de Negocios 3 Hs &#8230; <a title=\"(TSAFSI) Plan de Estudios\" class=\"read-more\" href=\"https:\/\/ens46-sfe.infd.edu.ar\/sitio\/tsafsi-tsia-plan-de-estudios\/\" aria-label=\"More on (TSAFSI) Plan de Estudios\">[+]<\/a><\/p>\n","protected":false},"author":7,"featured_media":0,"parent":0,"menu_order":0,"comment_status":"closed","ping_status":"closed","template":"","meta":[],"acf":[],"_links":{"self":[{"href":"https:\/\/ens46-sfe.infd.edu.ar\/sitio\/wp-json\/wp\/v2\/pages\/1323"}],"collection":[{"href":"https:\/\/ens46-sfe.infd.edu.ar\/sitio\/wp-json\/wp\/v2\/pages"}],"about":[{"href":"https:\/\/ens46-sfe.infd.edu.ar\/sitio\/wp-json\/wp\/v2\/types\/page"}],"author":[{"embeddable":true,"href":"https:\/\/ens46-sfe.infd.edu.ar\/sitio\/wp-json\/wp\/v2\/users\/7"}],"replies":[{"embeddable":true,"href":"https:\/\/ens46-sfe.infd.edu.ar\/sitio\/wp-json\/wp\/v2\/comments?post=1323"}],"version-history":[{"count":33,"href":"https:\/\/ens46-sfe.infd.edu.ar\/sitio\/wp-json\/wp\/v2\/pages\/1323\/revisions"}],"predecessor-version":[{"id":2908,"href":"https:\/\/ens46-sfe.infd.edu.ar\/sitio\/wp-json\/wp\/v2\/pages\/1323\/revisions\/2908"}],"wp:attachment":[{"href":"https:\/\/ens46-sfe.infd.edu.ar\/sitio\/wp-json\/wp\/v2\/media?parent=1323"}],"curies":[{"name":"wp","href":"https:\/\/api.w.org\/{rel}","templated":true}]}}