{"id":1335,"date":"2018-08-31T16:13:59","date_gmt":"2018-08-31T19:13:59","guid":{"rendered":"https:\/\/ens46-sfe.infd.edu.ar\/sitio\/requisitos-para-presentacion-de-homologaciones\/"},"modified":"2026-04-22T18:16:30","modified_gmt":"2026-04-22T21:16:30","slug":"requisitos-para-presentacion-de-homologaciones","status":"publish","type":"page","link":"https:\/\/ens46-sfe.infd.edu.ar\/sitio\/requisitos-para-presentacion-de-homologaciones\/","title":{"rendered":"Requisitos para presentaci\u00f3n de homologaciones"},"content":{"rendered":"\n<p class=\"has-text-align-center\">CONSIDERACIONES GENERALES PARA LA HOMOLOGACI\u00d3N DE UNIDADES<br>CURRICULARES<\/p>\n\n\n\n<p class=\"has-text-align-center\"><br>HOMOLOGACIONES EXTERNAS:<\/p>\n\n\n\n<pre class=\"wp-block-verse\">En el caso que el\/la estudiante hubiere aprobado unidades curriculares en otra instituci\u00f3n<br>educativa oficialmente reconocida (Institutos Superiores y\/o Universidades) y desea<br>homologar con alguna de las unidades curriculares del Plan de Estudios de la Carrera que<br>cursa en ENS y SC No 46 deber\u00e1 presentar:<\/pre>\n\n\n\n<pre class=\"wp-block-verse\">\u25cf Una copia del Formulario: \u00abSOLICITUD DE HOMOLOGACI\u00d3N 2026\u00bb por cada una\nde las materias que se deseen homologar.\n\u25cf Una copia general del Formulario \u00abControl Folios Homologaciones 2025\u00bb donde se\nenumeraran todas las materias que el alumno presente para homologaci\u00f3n.<\/pre>\n\n\n\n<pre class=\"wp-block-verse\">Los estudiantes deber\u00e1n presentar junto a los formularios ante mencionados un certificado\nanal\u00edtico o historia acad\u00e9mica donde figuren las notas de los espacios curriculares\naprobados en la instituci\u00f3n de origen. Adem\u00e1s deber\u00e1n presentar los programas legalizados\nde las materias aprobadas en la instituci\u00f3n de origen.\nToda la documentaci\u00f3n (programas y certificado anal\u00edtico) que acompa\u00f1a a la solicitud de\nhomologaci\u00f3n debe estar debidamente legalizada por la autoridad de la instituci\u00f3n de origen.<\/pre>\n\n\n\n<p class=\"has-text-align-center\"><br>HOMOLOGACIONES INTERNAS:<\/p>\n\n\n\n<pre class=\"wp-block-verse\">En el caso que el\/la estudiante hubiere aprobado unidades curriculares de una carrera<br>cursada en esta instituci\u00f3n y quiera homologar con alguna unidad curricular seg\u00fan el Plan de<br>Estudio de la carrera que est\u00e1 cursando, deber\u00e1 presentar:<br>\u25cf Una copia del Formulario: \u00abSOLICITUD DE HOMOLOGACI\u00d3N 2026\u00bb por cada una<br>de las materias que se deseen homologar.<br>\u25cf Una copia general del Formulario \u00abControl Folios Homologaciones 2026\u00bb donde se<br>enumerar\u00e1n todas las materias que el alumno presente para homologaci\u00f3n.<\/pre>\n\n\n\n<p><a rel=\"noreferrer noopener\" href=\"https:\/\/ens46-sfe.infd.edu.ar\/sitio\/wp-content\/uploads\/2026\/04\/SOLICITUD-DE-HOMOLOGACION-2026.docx.pdf\" target=\"_blank\">FORMULARIO SOLICITUD HOMOLOGACI\u00d3N<\/a><\/p>\n\n\n\n<p><a rel=\"noreferrer noopener\" href=\"https:\/\/ens46-sfe.infd.edu.ar\/sitio\/wp-content\/uploads\/2026\/04\/CONTROL-FOLIOS-HOMOLOGACIONES-2026.pdf\" target=\"_blank\">CONTROL FOLIOS HOMOLOGACIONES<\/a><\/p>\n\n\n\n<p><\/p>\n\n\n\n<p><\/p>\n","protected":false},"excerpt":{"rendered":"<p>CONSIDERACIONES GENERALES PARA LA HOMOLOGACI\u00d3N DE UNIDADESCURRICULARES HOMOLOGACIONES EXTERNAS: En el caso que el\/la estudiante hubiere aprobado unidades curriculares en otra instituci\u00f3neducativa oficialmente reconocida (Institutos Superiores y\/o Universidades) y deseahomologar con alguna de las unidades curriculares del Plan de Estudios de la Carrera quecursa en ENS y SC No 46 deber\u00e1 presentar: \u25cf Una copia &#8230; <a title=\"Requisitos para presentaci\u00f3n de homologaciones\" class=\"read-more\" href=\"https:\/\/ens46-sfe.infd.edu.ar\/sitio\/requisitos-para-presentacion-de-homologaciones\/\" aria-label=\"More on Requisitos para presentaci\u00f3n de homologaciones\">[+]<\/a><\/p>\n","protected":false},"author":7,"featured_media":0,"parent":0,"menu_order":0,"comment_status":"closed","ping_status":"closed","template":"","meta":[],"acf":[],"_links":{"self":[{"href":"https:\/\/ens46-sfe.infd.edu.ar\/sitio\/wp-json\/wp\/v2\/pages\/1335"}],"collection":[{"href":"https:\/\/ens46-sfe.infd.edu.ar\/sitio\/wp-json\/wp\/v2\/pages"}],"about":[{"href":"https:\/\/ens46-sfe.infd.edu.ar\/sitio\/wp-json\/wp\/v2\/types\/page"}],"author":[{"embeddable":true,"href":"https:\/\/ens46-sfe.infd.edu.ar\/sitio\/wp-json\/wp\/v2\/users\/7"}],"replies":[{"embeddable":true,"href":"https:\/\/ens46-sfe.infd.edu.ar\/sitio\/wp-json\/wp\/v2\/comments?post=1335"}],"version-history":[{"count":25,"href":"https:\/\/ens46-sfe.infd.edu.ar\/sitio\/wp-json\/wp\/v2\/pages\/1335\/revisions"}],"predecessor-version":[{"id":3700,"href":"https:\/\/ens46-sfe.infd.edu.ar\/sitio\/wp-json\/wp\/v2\/pages\/1335\/revisions\/3700"}],"wp:attachment":[{"href":"https:\/\/ens46-sfe.infd.edu.ar\/sitio\/wp-json\/wp\/v2\/media?parent=1335"}],"curies":[{"name":"wp","href":"https:\/\/api.w.org\/{rel}","templated":true}]}}