{"id":1343,"date":"2018-08-31T16:14:02","date_gmt":"2018-08-31T19:14:02","guid":{"rendered":"https:\/\/ens46-sfe.infd.edu.ar\/sitio\/normativas\/"},"modified":"2018-10-02T20:18:40","modified_gmt":"2018-10-02T23:18:40","slug":"normativas","status":"publish","type":"page","link":"https:\/\/ens46-sfe.infd.edu.ar\/sitio\/normativas\/","title":{"rendered":"Normativas"},"content":{"rendered":"<p>Disponible para su descarga:<\/p>\n<p><a title=\"https:\/\/ens46-sfe.infd.edu.ar\/aula\/archivos\/repositorio\/\/500\/605\/Dec_4199-15_Reglamento_Academico_Marco_RAM.pdf\" href=\"https:\/\/ens46-sfe.infd.edu.ar\/sitio\/wp-content\/uploads\/2018\/09\/Dec-4199-15-Reglamento-Acad\u00e9mico-Marco.pdf\" target=\"_NEW\">&#8211; Reglamento Acad\u00e9mico Marco: 2015<\/a><\/p>\n<p><a href=\"https:\/\/ens46-sfe.infd.edu.ar\/sitio\/wp-content\/uploads\/2018\/09\/dec_4200-15_reglamento_de_practica_rp.pdf\">&#8211; Reglamento de Pr\u00e1ctica Docente Marco: 2015<\/a><\/p>\n<p><a href=\"http:\/\/www.santafe.gov.ar\/index.php\/educacion\/content\/download\/122885\/608576\/file\/Decreto%201446-11%20R%C3%A9gimen%20de%20Pr%C3%A1cticas%20Profesionalizantes%20Educaci%C3%B3n%20Secundaria.pdf\">&#8211; R\u00e9gimen General de Practicas Profesionalizantes<\/a><\/p>\n<p><a href=\"https:\/\/ens46-sfe.infd.edu.ar\/sitio\/wp-content\/uploads\/2018\/09\/decreto_798-86.-Reglamento-organico-de-los-Institutos-Superiores-de-la-Provincia-de-Santa-Fe.pdf\">&#8211; Reglamento org\u00e1nico de los Institutos Superiores\u00a0 de la Provincia de Santa Fe<\/a><\/p>\n<p><a href=\"https:\/\/ens46-sfe.infd.edu.ar\/sitio\/wp-content\/uploads\/2018\/09\/LEY-26877-Representaci%C3%B3n-Estudiantil.pdf\">&#8211; Ley Nacional de Representaci\u00f3n Estudiantil<\/a><\/p>\n<p><a href=\"https:\/\/www.santafe.gov.ar\/index.php\/educacion\/content\/download\/203858\/1013359\/file\/L1339229112013.pdf\">&#8211; Ley Provincial de\u00a0constituci\u00f3n y funcionamiento de los Centros de Estudiantes de la Provincia de Santa Fe N\u00b013.392<\/a><\/p>\n<p><a href=\"https:\/\/ens46-sfe.infd.edu.ar\/sitio\/wp-content\/uploads\/2018\/09\/ley_de_educ_nac.pdf\">&#8211; Ley Nacional de Educaci\u00f3n Nacional N\u00b026.206<\/a><\/p>\n<p><a href=\"https:\/\/ens46-sfe.infd.edu.ar\/sitio\/wp-content\/uploads\/2018\/09\/Ley24521-Educaci\u00f3n-Superior.pdf\">&#8211; Ley Nacional de Educaci\u00f3n Superior N\u00b0 24.521<\/a><\/p>\n<p><a href=\"https:\/\/ens46-sfe.infd.edu.ar\/sitio\/wp-content\/uploads\/2018\/09\/ley26150-ESI.pdf\">&#8211; Ley Nacional de Educaci\u00f3n Sexual Integral (ESI) N\u00b0 26.150\u00a0<\/a><\/p>\n","protected":false},"excerpt":{"rendered":"<p>Disponible para su descarga: &#8211; Reglamento Acad\u00e9mico Marco: 2015 &#8211; Reglamento de Pr\u00e1ctica Docente Marco: 2015 &#8211; R\u00e9gimen General de Practicas Profesionalizantes &#8211; Reglamento org\u00e1nico de los Institutos Superiores\u00a0 de la Provincia de Santa Fe &#8211; Ley Nacional de Representaci\u00f3n Estudiantil &#8211; Ley Provincial de\u00a0constituci\u00f3n y funcionamiento de los Centros de Estudiantes de la Provincia &#8230; <a title=\"Normativas\" class=\"read-more\" href=\"https:\/\/ens46-sfe.infd.edu.ar\/sitio\/normativas\/\" aria-label=\"More on Normativas\">[+]<\/a><\/p>\n","protected":false},"author":7,"featured_media":0,"parent":0,"menu_order":0,"comment_status":"closed","ping_status":"closed","template":"","meta":[],"acf":[],"_links":{"self":[{"href":"https:\/\/ens46-sfe.infd.edu.ar\/sitio\/wp-json\/wp\/v2\/pages\/1343"}],"collection":[{"href":"https:\/\/ens46-sfe.infd.edu.ar\/sitio\/wp-json\/wp\/v2\/pages"}],"about":[{"href":"https:\/\/ens46-sfe.infd.edu.ar\/sitio\/wp-json\/wp\/v2\/types\/page"}],"author":[{"embeddable":true,"href":"https:\/\/ens46-sfe.infd.edu.ar\/sitio\/wp-json\/wp\/v2\/users\/7"}],"replies":[{"embeddable":true,"href":"https:\/\/ens46-sfe.infd.edu.ar\/sitio\/wp-json\/wp\/v2\/comments?post=1343"}],"version-history":[{"count":8,"href":"https:\/\/ens46-sfe.infd.edu.ar\/sitio\/wp-json\/wp\/v2\/pages\/1343\/revisions"}],"predecessor-version":[{"id":1541,"href":"https:\/\/ens46-sfe.infd.edu.ar\/sitio\/wp-json\/wp\/v2\/pages\/1343\/revisions\/1541"}],"wp:attachment":[{"href":"https:\/\/ens46-sfe.infd.edu.ar\/sitio\/wp-json\/wp\/v2\/media?parent=1343"}],"curies":[{"name":"wp","href":"https:\/\/api.w.org\/{rel}","templated":true}]}}