{"id":1345,"date":"2018-08-31T16:14:03","date_gmt":"2018-08-31T19:14:03","guid":{"rendered":"https:\/\/ens46-sfe.infd.edu.ar\/sitio\/formularios-constancias-de-docentes\/"},"modified":"2018-09-29T23:49:31","modified_gmt":"2018-09-30T02:49:31","slug":"formularios-constancias-de-docentes","status":"publish","type":"page","link":"https:\/\/ens46-sfe.infd.edu.ar\/sitio\/formularios-constancias-de-docentes\/","title":{"rendered":"Formularios &#8211; Constancias de Docentes"},"content":{"rendered":"<p>Desde aqui podr\u00e1 bajar a su computadora los siguientes formularios:<\/p>\n<ul>\n<li><a title=\"CT-01 Constancia\" href=\"upload\/CT01_Constancia_de_Participacion_en_Eventos_Competitivos_o_Recreativos.doc\" target=\"_blank\" rel=\"noopener\">CT-01 Constancia de Participaci\u00f3n en Eventos Competitivos o\u00a0 Recreativos.<\/a><\/li>\n<li>I<a title=\"Ia-01 Informe\" href=\"upload\/ia01.xls\" target=\"_blank\" rel=\"noopener\">A-01 Informe sobre el An\u00e1lisis de Programa para Campamentos y Jornadas\u00a0 Especiales.<\/a><\/li>\n<li><a title=\"Declaraci\u00f3n de familiares a cargo\" href=\"upload\/Declaraci%F3n_de_Familiares_a_Cargo.doc\" target=\"_blank\" rel=\"noopener\">Declaraci\u00f3n de Familiares a Cargo<\/a><\/li>\n<li><a title=\"Licencia M\u00e9dica\" href=\"upload\/LM01_frente_y_dorso.pdf\" target=\"_blank\" rel=\"noopener\">LM-01 Licencia M\u00e9dica<\/a><\/li>\n<li><a href=\"https:\/\/ens46-sfe.infd.edu.ar\/sitio\/wp-content\/uploads\/2018\/09\/codigario_ausencias_docentes.pdf\">Art\u00edculos de Licencias para personal Docente Titular e Interino Decreto N\u00b0 4597\/83<\/a><\/li>\n<li><a title=\"Planilla de Declaraci\u00f3n Jurada para Docentes\" href=\"upload\/Planilla_de_DDJJ_para_Docentes_IGS.doc\" target=\"_blank\" rel=\"noopener\">Planilla de Declaraci\u00f3n Jurada para Docentes<\/a><\/li>\n<li><a title=\"SOLICITUD DE RENUNCIA Y DESIGNACION\" href=\"upload\/RD__SOLICITUD_DE_RENUNCIA_Y_DESIGNACION.pdf\" target=\"_blank\" rel=\"noopener\">RD &#8211; Solicitud de Renuncia y Designaci\u00f3n\u00a0<\/a><\/li>\n<li><a title=\"Nuevo procedimiento LM\" href=\"upload\/NuevoProcedimientoLicenciasMedicas.pdf\" target=\"_blank\" rel=\"noopener\">Nuevo Procedimiento para LICENCIAS M\u00c9DICAS.<\/a><\/li>\n<li><a title=\"NUEVA constancia para Actividades Escolares Simultaneas 2014\" href=\"upload\/Constancia_de_actividad_simultanea_interactivo.pdf\" target=\"_blank\" rel=\"noopener\">Constancia de actividad simultanea (interactivo)<\/a><\/li>\n<\/ul>\n<p><strong><span style=\"color: #ff0000;\">\u00a0<\/span><\/strong><\/p>\n<p><strong>Bajar Modelo de PLANIFICACIONES y PROGRAMAS DIGITALES:<\/strong><\/p>\n<p style=\"padding-left: 30px;\">Aclaraciones para llenar los modelos:<\/p>\n<ul>\n<li><span style=\"text-decoration: underline;\">Escribir <\/span>en fuente Times New Roman, tama\u00f1o 12, color negro.<\/li>\n<li><span style=\"text-decoration: underline;\">Imprescindible<\/span>: <strong>firmar <\/strong>la Planificaci\u00f3n y los Programas Digitales.<\/li>\n<li><span style=\"text-decoration: underline;\">Entrega<\/span>: se entregar\u00e1n al Jefe de Secci\u00f3n\u00a0<strong>una copia impresa de Planificaci\u00f3n<\/strong> y <strong>dos copias impresas de Programa Digital<\/strong>.<\/li>\n<\/ul>\n<p style=\"padding-left: 30px;\"><a title=\"Modelo de Planificaci\u00f3n Anual\" href=\"upload\/MODELO_GENERAL_DE_PLANIFICACION_ANUAL_IGS.doc\" target=\"_blank\" rel=\"noopener\">Descargar Modelo de Planificaci\u00f3n.<\/a><\/p>\n<p style=\"padding-left: 30px;\"><a title=\"Modelo de Programa Digital\" href=\"upload\/MODELO_GENERAL_DE_PROGRAMA_DIGITAL_IGS.doc\" target=\"_blank\" rel=\"noopener\">Descargar Modelo de Programa Digital.<\/a><\/p>\n","protected":false},"excerpt":{"rendered":"<p>Desde aqui podr\u00e1 bajar a su computadora los siguientes formularios: CT-01 Constancia de Participaci\u00f3n en Eventos Competitivos o\u00a0 Recreativos. IA-01 Informe sobre el An\u00e1lisis de Programa para Campamentos y Jornadas\u00a0 Especiales. Declaraci\u00f3n de Familiares a Cargo LM-01 Licencia M\u00e9dica Art\u00edculos de Licencias para personal Docente Titular e Interino Decreto N\u00b0 4597\/83 Planilla de Declaraci\u00f3n Jurada &#8230; <a title=\"Formularios &#8211; Constancias de Docentes\" class=\"read-more\" href=\"https:\/\/ens46-sfe.infd.edu.ar\/sitio\/formularios-constancias-de-docentes\/\" aria-label=\"More on Formularios &#8211; Constancias de Docentes\">[+]<\/a><\/p>\n","protected":false},"author":7,"featured_media":0,"parent":0,"menu_order":0,"comment_status":"closed","ping_status":"closed","template":"","meta":[],"acf":[],"_links":{"self":[{"href":"https:\/\/ens46-sfe.infd.edu.ar\/sitio\/wp-json\/wp\/v2\/pages\/1345"}],"collection":[{"href":"https:\/\/ens46-sfe.infd.edu.ar\/sitio\/wp-json\/wp\/v2\/pages"}],"about":[{"href":"https:\/\/ens46-sfe.infd.edu.ar\/sitio\/wp-json\/wp\/v2\/types\/page"}],"author":[{"embeddable":true,"href":"https:\/\/ens46-sfe.infd.edu.ar\/sitio\/wp-json\/wp\/v2\/users\/7"}],"replies":[{"embeddable":true,"href":"https:\/\/ens46-sfe.infd.edu.ar\/sitio\/wp-json\/wp\/v2\/comments?post=1345"}],"version-history":[{"count":2,"href":"https:\/\/ens46-sfe.infd.edu.ar\/sitio\/wp-json\/wp\/v2\/pages\/1345\/revisions"}],"predecessor-version":[{"id":1516,"href":"https:\/\/ens46-sfe.infd.edu.ar\/sitio\/wp-json\/wp\/v2\/pages\/1345\/revisions\/1516"}],"wp:attachment":[{"href":"https:\/\/ens46-sfe.infd.edu.ar\/sitio\/wp-json\/wp\/v2\/media?parent=1345"}],"curies":[{"name":"wp","href":"https:\/\/api.w.org\/{rel}","templated":true}]}}