{"id":1397,"date":"2018-08-31T16:14:21","date_gmt":"2018-08-31T19:14:21","guid":{"rendered":"https:\/\/ens46-sfe.infd.edu.ar\/sitio\/biblioteca-tecnologica\/"},"modified":"2026-04-11T11:40:28","modified_gmt":"2026-04-11T14:40:28","slug":"biblioteca-tecnologica","status":"publish","type":"page","link":"https:\/\/ens46-sfe.infd.edu.ar\/sitio\/biblioteca-tecnologica\/","title":{"rendered":"Biblioteca T\u00e9cnica"},"content":{"rendered":"<p>La <span style=\"color: #808000;\"><strong>Biblioteca T\u00e9cnica<\/strong><\/span> est\u00e1 en planta baja.<\/p>\n<p>Se pueden consultar libros de:<\/p>\n<ul>\n<li>Inform\u00e1tica (Hardware\/Software\/Programaci\u00f3n)<\/li>\n<li>Matem\u00e1tica<\/li>\n<li>Gesti\u00f3n de las Organizaciones<\/li>\n<li>Contabilidad<\/li>\n<li>Modelos de Negocios \/ Plan de Negocios<\/li>\n<li>Pedagog\u00eda<\/li>\n<li>Did\u00e1ctica<\/li>\n<li>Pr\u00e1ctica Docente<\/li>\n<li>Derecho<\/li>\n<li>Diccionario inform\u00e1tico<\/li>\n<\/ul>\n<p><a title=\"https:\/\/ens46-sfe.infd.edu.ar\/aula\/archivos\/repositorio\/\/1000\/1191\/Listado_de_libros_Biblioteca_Tecnologica-2.xls\" href=\"https:\/\/ens46-sfe.infd.edu.ar\/aula\/archivos\/repositorio\/\/1000\/1191\/Listado_de_libros_Biblioteca_Tecnologica-2.xls\" target=\"_blank\" rel=\"noopener\">DESCARGUE la Bibliograf\u00eda Disponible\u00a0<\/a><\/p>\n","protected":false},"excerpt":{"rendered":"<p>La Biblioteca T\u00e9cnica est\u00e1 en planta baja. Se pueden consultar libros de: Inform\u00e1tica (Hardware\/Software\/Programaci\u00f3n) Matem\u00e1tica Gesti\u00f3n de las Organizaciones Contabilidad Modelos de Negocios \/ Plan de Negocios Pedagog\u00eda Did\u00e1ctica Pr\u00e1ctica Docente Derecho Diccionario inform\u00e1tico DESCARGUE la Bibliograf\u00eda Disponible\u00a0<\/p>\n","protected":false},"author":7,"featured_media":0,"parent":0,"menu_order":0,"comment_status":"closed","ping_status":"closed","template":"","meta":[],"acf":[],"_links":{"self":[{"href":"https:\/\/ens46-sfe.infd.edu.ar\/sitio\/wp-json\/wp\/v2\/pages\/1397"}],"collection":[{"href":"https:\/\/ens46-sfe.infd.edu.ar\/sitio\/wp-json\/wp\/v2\/pages"}],"about":[{"href":"https:\/\/ens46-sfe.infd.edu.ar\/sitio\/wp-json\/wp\/v2\/types\/page"}],"author":[{"embeddable":true,"href":"https:\/\/ens46-sfe.infd.edu.ar\/sitio\/wp-json\/wp\/v2\/users\/7"}],"replies":[{"embeddable":true,"href":"https:\/\/ens46-sfe.infd.edu.ar\/sitio\/wp-json\/wp\/v2\/comments?post=1397"}],"version-history":[{"count":4,"href":"https:\/\/ens46-sfe.infd.edu.ar\/sitio\/wp-json\/wp\/v2\/pages\/1397\/revisions"}],"predecessor-version":[{"id":3672,"href":"https:\/\/ens46-sfe.infd.edu.ar\/sitio\/wp-json\/wp\/v2\/pages\/1397\/revisions\/3672"}],"wp:attachment":[{"href":"https:\/\/ens46-sfe.infd.edu.ar\/sitio\/wp-json\/wp\/v2\/media?parent=1397"}],"curies":[{"name":"wp","href":"https:\/\/api.w.org\/{rel}","templated":true}]}}