{"id":1408,"date":"2018-08-31T16:14:25","date_gmt":"2018-08-31T19:14:25","guid":{"rendered":"https:\/\/ens46-sfe.infd.edu.ar\/sitio\/tsgo-perfil-profesional-del-egresado\/"},"modified":"2018-11-07T19:32:30","modified_gmt":"2018-11-07T22:32:30","slug":"tsgo-perfil-profesional-del-egresado","status":"publish","type":"page","link":"https:\/\/ens46-sfe.infd.edu.ar\/sitio\/tsgo-perfil-profesional-del-egresado\/","title":{"rendered":"(TSGO) Perfil Profesional del Egresado"},"content":{"rendered":"<p>&nbsp;<\/p>\n<p style=\"text-align: center;\"><span style=\"font-size: 10pt;\"><strong>Perfil Profesional del Egresado<\/strong><\/span><\/p>\n<p style=\"text-align: left;\"><span style=\"font-size: 10pt;\"><strong>* Alcance del perfil profesional<\/strong><\/span><\/p>\n<p style=\"text-align: left;\">El T\u00e9cnico Superior en Gcsti\u00f3n de las Organizaciones est\u00e1 capacitado para manifestar\u00a0 conocimientos, habilidades, destrezas, valores y actitudes en situaciones reales de trabajo, conforme a criterios de profesionalidad propios de su \u00e1rea y responsabilidad social al:<\/p>\n<p style=\"text-align: left;\"><strong>&#8211; <em>\u00abplanificar, organizar, dirigir y controlar las operaciones relacionadas con las\u00a0<\/em><\/strong><strong><em>distintas \u00e1reas de la organizaci\u00f3n, teniendo en cuenta su estrategia y las normas\u00a0<\/em><\/strong><strong><em>de higiene y seguridad en el trabajo\u00bb.<\/em><\/strong><\/p>\n<p style=\"text-align: left;\"><strong><em>&#8211; \u00abinteractuar con los diferentes roles ocupacionales y \u00e1reas organizacionales,\u00a0<\/em><\/strong><strong><em>mediante un trabajo en equipo de car\u00e1cter cooperativo, con capacidad para\u00a0<\/em><\/strong><strong><em>negociar, argumentar y articular propuestas, necesidades y expectativas\u201d.<\/em><\/strong><\/p>\n<p style=\"text-align: left;\"><strong><em>&#8211; \u00abgenerar propuestas innovadoras y\/o emprendimientos productivos propios del\u00a0<\/em><\/strong><strong><em>\u00e1mbito de la gesti\u00f3n de las organizaciones\u201d.<\/em><\/strong><\/p>\n<p style=\"text-align: left;\">Para poder desarrollar plenamente su profesionalidad, el t\u00e9cnico superior tiene adem\u00e1s que lograr ciertas capacidades que resultan transversales a todas sus funciones y tienen que ser\u00a0desarrolladas y promovidas durante el transcurso de su formaci\u00f3n.<\/p>\n<p style=\"text-align: left;\">Entre ellas, capacidad de anticipar posibles problemas o consecuencias de sus decisiones o\u00a0acciones, apertura para considerar y tomar decisiones que resuelvan situaciones imprevistas, capacidad organizativa para planificar y programar acciones, capacidad de liderazgo para conducir al personal operativo, capacidad para Ia comunicaci\u00f3n apropiada, capacidad para trabajar en equipo, actitud de aprendizaje permanente para actualizar y profundizar sus conocimientos y habilidades y desarrollar una actitud \u00e9tica en su desempe\u00f1o profesional.<\/p>\n","protected":false},"excerpt":{"rendered":"<p>&nbsp; Perfil Profesional del Egresado * Alcance del perfil profesional El T\u00e9cnico Superior en Gcsti\u00f3n de las Organizaciones est\u00e1 capacitado para manifestar\u00a0 conocimientos, habilidades, destrezas, valores y actitudes en situaciones reales de trabajo, conforme a criterios de profesionalidad propios de su \u00e1rea y responsabilidad social al: &#8211; \u00abplanificar, organizar, dirigir y controlar las operaciones relacionadas &#8230; <a title=\"(TSGO) Perfil Profesional del Egresado\" class=\"read-more\" href=\"https:\/\/ens46-sfe.infd.edu.ar\/sitio\/tsgo-perfil-profesional-del-egresado\/\" aria-label=\"More on (TSGO) Perfil Profesional del Egresado\">[+]<\/a><\/p>\n","protected":false},"author":7,"featured_media":0,"parent":0,"menu_order":0,"comment_status":"closed","ping_status":"closed","template":"","meta":[],"acf":[],"_links":{"self":[{"href":"https:\/\/ens46-sfe.infd.edu.ar\/sitio\/wp-json\/wp\/v2\/pages\/1408"}],"collection":[{"href":"https:\/\/ens46-sfe.infd.edu.ar\/sitio\/wp-json\/wp\/v2\/pages"}],"about":[{"href":"https:\/\/ens46-sfe.infd.edu.ar\/sitio\/wp-json\/wp\/v2\/types\/page"}],"author":[{"embeddable":true,"href":"https:\/\/ens46-sfe.infd.edu.ar\/sitio\/wp-json\/wp\/v2\/users\/7"}],"replies":[{"embeddable":true,"href":"https:\/\/ens46-sfe.infd.edu.ar\/sitio\/wp-json\/wp\/v2\/comments?post=1408"}],"version-history":[{"count":2,"href":"https:\/\/ens46-sfe.infd.edu.ar\/sitio\/wp-json\/wp\/v2\/pages\/1408\/revisions"}],"predecessor-version":[{"id":1693,"href":"https:\/\/ens46-sfe.infd.edu.ar\/sitio\/wp-json\/wp\/v2\/pages\/1408\/revisions\/1693"}],"wp:attachment":[{"href":"https:\/\/ens46-sfe.infd.edu.ar\/sitio\/wp-json\/wp\/v2\/media?parent=1408"}],"curies":[{"name":"wp","href":"https:\/\/api.w.org\/{rel}","templated":true}]}}