{"id":3108,"date":"2023-05-23T19:25:51","date_gmt":"2023-05-23T22:25:51","guid":{"rendered":"https:\/\/ens46-sfe.infd.edu.ar\/sitio\/?page_id=3108"},"modified":"2024-05-07T19:28:14","modified_gmt":"2024-05-07T22:28:14","slug":"anexos","status":"publish","type":"page","link":"https:\/\/ens46-sfe.infd.edu.ar\/sitio\/anexos\/","title":{"rendered":"ANEXOS"},"content":{"rendered":"\n<h4 class=\"wp-block-heading\"><\/h4>\n\n\n\n<p><strong>Anexo Santo Tom\u00e9<\/strong><br>Funciona en la EESO N\u00ba 443 \u00abJos\u00e9 Manuel Estrada\u00bb<br>Iriondo 1698<br>0342 \u2013 4577950<br>(3016) SANTO TOM\u00c9<br><strong>Carrera<\/strong>:<br>Tecnicatura Superior en Gesti\u00f3n de las Organizaciones<\/p>\n\n\n\n<p><strong>Anexo Recreo<\/strong><br>Avda. Mitre 1311<br>0342 \u2013 4577104<br>(3018) RECREO<br><strong>Carreras<\/strong>:<br>Tecnicatura Superior en Gesti\u00f3n de las Organizaciones<br>Tecnicatura Superior en An\u00e1lisis Funcional de Sistemas Inform\u00e1ticos<\/p>\n","protected":false},"excerpt":{"rendered":"<p>Anexo Santo Tom\u00e9Funciona en la EESO N\u00ba 443 \u00abJos\u00e9 Manuel Estrada\u00bbIriondo 16980342 \u2013 4577950(3016) SANTO TOM\u00c9Carrera:Tecnicatura Superior en Gesti\u00f3n de las Organizaciones Anexo RecreoAvda. Mitre 13110342 \u2013 4577104(3018) RECREOCarreras:Tecnicatura Superior en Gesti\u00f3n de las OrganizacionesTecnicatura Superior en An\u00e1lisis Funcional de Sistemas Inform\u00e1ticos<\/p>\n","protected":false},"author":3520,"featured_media":0,"parent":0,"menu_order":0,"comment_status":"closed","ping_status":"closed","template":"","meta":[],"acf":[],"_links":{"self":[{"href":"https:\/\/ens46-sfe.infd.edu.ar\/sitio\/wp-json\/wp\/v2\/pages\/3108"}],"collection":[{"href":"https:\/\/ens46-sfe.infd.edu.ar\/sitio\/wp-json\/wp\/v2\/pages"}],"about":[{"href":"https:\/\/ens46-sfe.infd.edu.ar\/sitio\/wp-json\/wp\/v2\/types\/page"}],"author":[{"embeddable":true,"href":"https:\/\/ens46-sfe.infd.edu.ar\/sitio\/wp-json\/wp\/v2\/users\/3520"}],"replies":[{"embeddable":true,"href":"https:\/\/ens46-sfe.infd.edu.ar\/sitio\/wp-json\/wp\/v2\/comments?post=3108"}],"version-history":[{"count":3,"href":"https:\/\/ens46-sfe.infd.edu.ar\/sitio\/wp-json\/wp\/v2\/pages\/3108\/revisions"}],"predecessor-version":[{"id":3204,"href":"https:\/\/ens46-sfe.infd.edu.ar\/sitio\/wp-json\/wp\/v2\/pages\/3108\/revisions\/3204"}],"wp:attachment":[{"href":"https:\/\/ens46-sfe.infd.edu.ar\/sitio\/wp-json\/wp\/v2\/media?parent=3108"}],"curies":[{"name":"wp","href":"https:\/\/api.w.org\/{rel}","templated":true}]}}